{"id":29239,"date":"2025-05-21T22:47:55","date_gmt":"2025-05-21T22:47:55","guid":{"rendered":"http:\/\/www.smcsteel-tunisia.com\/?page_id=29239"},"modified":"2025-12-02T11:27:55","modified_gmt":"2025-12-02T11:27:55","slug":"energie","status":"publish","type":"page","link":"https:\/\/www.smcsteel-tunisia.com\/en\/energie\/","title":{"rendered":"Energy"},"content":{"rendered":"<div data-elementor-type=\"wp-page\" data-elementor-id=\"29239\" class=\"elementor elementor-29239\">\n\t\t\t\t\r\n\t\t<div class=\"default no-position show_shadow rs-sticky-default elementor-element elementor-element-6c4a574 e-con-full e-flex e-con e-parent\" data-id=\"6c4a574\" data-element_type=\"container\" data-settings=\"{&quot;background_background&quot;:&quot;classic&quot;}\">\n\t\t\r\n\t\t<div class=\"default no-position show_shadow rs-sticky-default elementor-element elementor-element-febd319 e-flex e-con-boxed e-con e-child\" data-id=\"febd319\" data-element_type=\"container\">\n\t\t\t\t\t<div class=\"e-con-inner\">\n\t\t\r\n\t\t<div class=\"default no-position show_shadow rs-sticky-default elementor-element elementor-element-2397396 e-con-full e-flex e-con e-child\" data-id=\"2397396\" data-element_type=\"container\">\n\t\t\r\n\t\t\t\t<div class=\"elementor-element elementor-element-a1c09ef elementor-widget elementor-widget-page-title\" data-id=\"a1c09ef\" data-element_type=\"widget\" data-widget_type=\"page-title.default\">\n\t\t\t\t<div class=\"elementor-widget-container\">\n\t\t\t\t\t\t\t\n\t\t<div class=\"hfe-page-title hfe-page-title-wrapper elementor-widget-heading\">\n\t\t\t\n\t\t\t<h1 class=\"elementor-heading-title elementor-size\">\n\t\t\t\tEnergy\t\t\t \n\t\t\t<\/h1> \n\n\t\t\t\t\t\t\t\t<\/div>\n\t\t\t\t\t\t<\/div>\n\t\t\t\t<\/div>\n\t\t\r\n\t\t\t\t<div class=\"elementor-element elementor-element-023efd0 elementor-widget elementor-widget-rs-breadcrumb\" data-id=\"023efd0\" data-element_type=\"widget\" data-widget_type=\"rs-breadcrumb.default\">\n\t\t\t\t<div class=\"elementor-widget-container\">\n\t\t\t\t\t                    <div class=\"breadcrumb-area style3\"> \n                <div class=\"breadcrumbs-inner\"> \n                    <span property=\"itemListElement\" typeof=\"ListItem\"><a property=\"item\" typeof=\"WebPage\" title=\"Go to smc.\" href=\"https:\/\/www.smcsteel-tunisia.com\/en\" class=\"home\" ><span property=\"name\">smc<\/span><\/a><meta property=\"position\" content=\"1\"><\/span> &gt; <span property=\"itemListElement\" typeof=\"ListItem\"><a property=\"item\" typeof=\"WebPage\" title=\"Go to Blog.\" href=\"https:\/\/www.smcsteel-tunisia.com\/en\/blog\/\" class=\"post-root post post-post\" aria-current=\"page\"><span property=\"name\">Blog<\/span><\/a><meta property=\"position\" content=\"2\"><\/span>                <\/div>\n            <\/div> \n          \n    \t\t\t\t<\/div>\n\t\t\t\t<\/div>\n\t\t\t\t<\/div>\n\t\t\r\n\t\t<div class=\"default no-position show_shadow rs-sticky-default elementor-element elementor-element-24218f0 e-con-full e-flex e-con e-child\" data-id=\"24218f0\" data-element_type=\"container\">\n\t\t\t\t<\/div>\n\t\t\t\t\t<\/div>\n\t\t\t\t<\/div>\n\t\t\t\t<\/div>\n\t\t\r\n\t\t<div class=\"default no-position show_shadow rs-sticky-default elementor-element elementor-element-d36ffed e-flex e-con-boxed e-con e-parent\" data-id=\"d36ffed\" data-element_type=\"container\">\n\t\t\t\t\t<div class=\"e-con-inner\">\n\t\t\r\n\t\t<div class=\"default no-position show_shadow rs-sticky-default elementor-element elementor-element-4a187c2 e-con-full e-flex e-con e-child\" data-id=\"4a187c2\" data-element_type=\"container\">\n\t\t\r\n\t\t\t\t<div class=\"elementor-element elementor-element-85d38c3 elementor-widget__width-initial elementor-widget elementor-widget-rs-heading\" data-id=\"85d38c3\" data-element_type=\"widget\" data-widget_type=\"rs-heading.default\">\n\t\t\t\t<div class=\"elementor-widget-container\">\n\t\t\t\t\t\n\t\t<div class=\"prelements-heading style1\">\n\t\t\t<div class=\"title-inner\">\n\t\t\t\t\t\t\t\t\t<span class=\"sub-text\">\n\t\t\t\t\t\t\t\t\t\t\t\tEnergy\t\t\t\t\t<\/span>\n\t\t\t\t<h2 class=\"title rs-split-text-disable\">A proactive approach to energy efficiency<\/h2>\n\t\t\t<\/div>\n\t\t\t\t\t\t\t<div class=\"description\">\n\t\t\t\t\t<p>Aware of the economic and environmental challenges linked to energy consumption in the steel industry, the Soci\u00e9t\u00e9 M\u00e9tallurgique du Centre (SMC) has embarked on a clear strategy of energy control and optimization of its energy performance.<\/p>\t\t\t\t<\/div>\n\t\t\t\t\t<\/div>\n\t\t\t\t<\/div>\n\t\t\t\t<\/div>\n\t\t\t\t<\/div>\n\t\t\t\t\t<\/div>\n\t\t\t\t<\/div>\n\t\t\r\n\t\t<div class=\"default no-position show_shadow rs-sticky-default elementor-element elementor-element-fc30f2d e-flex e-con-boxed e-con e-parent\" data-id=\"fc30f2d\" data-element_type=\"container\">\n\t\t\t\t\t<div class=\"e-con-inner\">\n\t\t\r\n\t\t<div class=\"default no-position show_shadow rs-sticky-default elementor-element elementor-element-fbdf9c2 e-con-full e-flex e-con e-child\" data-id=\"fbdf9c2\" data-element_type=\"container\">\n\t\t\r\n\t\t\t\t<div class=\"elementor-element elementor-element-9c767f3 elementor-widget__width-initial elementor-widget elementor-widget-rs-heading\" data-id=\"9c767f3\" data-element_type=\"widget\" data-widget_type=\"rs-heading.default\">\n\t\t\t\t<div class=\"elementor-widget-container\">\n\t\t\t\t\t\n\t\t<div class=\"prelements-heading style1\">\n\t\t\t<div class=\"title-inner\">\n\t\t\t\t\t\t\t\t\t<span class=\"sub-text\">\n\t\t\t\t\t\t\t\t\t\t\t\tEnergy\t\t\t\t\t<\/span>\n\t\t\t\t<h2 class=\"title rs-split-text-disable\">Certification ISO 50001<\/h2>\n\t\t\t<\/div>\n\t\t\t\t\t\t\t<div class=\"description\">\n\t\t\t\t\t<p>For several years, SMC has been laying the foundations of an Energy Management System in line with the international standard ISO 50001.<br \/>This standard allows us to structure our energy approach around key principles:<\/p><ul><li>Monitoring and analysis of energy consumption across all production lines<\/li><li>Optimization of energy-intensive equipment (heating oven,<br \/>electricity)<\/li><li>Implementation of energy performance indicators (EPIs)<\/li><li>Staff involvement through awareness, training and empowerment<\/li><li>Energy integration into investment and maintenance decisions<\/li><\/ul>\t\t\t\t<\/div>\n\t\t\t\t\t<\/div>\n\t\t\t\t<\/div>\n\t\t\t\t<\/div>\n\t\t\t\t<\/div>\n\t\t\r\n\t\t<div class=\"default no-position show_shadow rs-sticky-default elementor-element elementor-element-313c06a e-con-full e-flex e-con e-child\" data-id=\"313c06a\" data-element_type=\"container\">\n\t\t\r\n\t\t\t\t<div class=\"elementor-element elementor-element-12c7a77 elementor-widget elementor-widget-image\" data-id=\"12c7a77\" data-element_type=\"widget\" data-widget_type=\"image.default\">\n\t\t\t\t<div class=\"elementor-widget-container\">\n\t\t\t\t\t\t\t\t\t\t\t\t\t\t\t<img fetchpriority=\"high\" decoding=\"async\" width=\"640\" height=\"424\" src=\"https:\/\/www.smcsteel-tunisia.com\/wp-content\/uploads\/2025\/08\/WhatsApp-Image-2025-08-09-a-10.25.29_6297dc7b.jpg\" class=\"attachment-large size-large wp-image-29690\" alt=\"\" srcset=\"https:\/\/www.smcsteel-tunisia.com\/wp-content\/uploads\/2025\/08\/WhatsApp-Image-2025-08-09-a-10.25.29_6297dc7b.jpg 662w, https:\/\/www.smcsteel-tunisia.com\/wp-content\/uploads\/2025\/08\/WhatsApp-Image-2025-08-09-a-10.25.29_6297dc7b-300x199.jpg 300w, https:\/\/www.smcsteel-tunisia.com\/wp-content\/uploads\/2025\/08\/WhatsApp-Image-2025-08-09-a-10.25.29_6297dc7b-18x12.jpg 18w\" sizes=\"(max-width: 640px) 100vw, 640px\" \/>\t\t\t\t\t\t\t\t\t\t\t\t\t\t\t<\/div>\n\t\t\t\t<\/div>\n\t\t\t\t<\/div>\n\t\t\t\t\t<\/div>\n\t\t\t\t<\/div>\n\t\t\r\n\t\t<div class=\"default no-position show_shadow rs-sticky-default elementor-element elementor-element-9769195 e-flex e-con-boxed e-con e-parent\" data-id=\"9769195\" data-element_type=\"container\">\n\t\t\t\t\t<div class=\"e-con-inner\">\n\t\t\r\n\t\t<div class=\"default no-position show_shadow rs-sticky-default elementor-element elementor-element-f43fb89 e-con-full e-flex e-con e-child\" data-id=\"f43fb89\" data-element_type=\"container\">\n\t\t\r\n\t\t\t\t<div class=\"elementor-element elementor-element-38ca2cb elementor-widget__width-initial elementor-widget elementor-widget-rs-heading\" data-id=\"38ca2cb\" data-element_type=\"widget\" data-widget_type=\"rs-heading.default\">\n\t\t\t\t<div class=\"elementor-widget-container\">\n\t\t\t\t\t\n\t\t<div class=\"prelements-heading style1\">\n\t\t\t<div class=\"title-inner\">\n\t\t\t\t\t\t\t\t\t<span class=\"sub-text\">\n\t\t\t\t\t\t\t\t\t\t\t\tEnergy\t\t\t\t\t<\/span>\n\t\t\t\t<h2 class=\"title rs-split-text-disable\">Our objectives<\/h2>\n\t\t\t<\/div>\n\t\t\t\t\t\t\t<div class=\"description\">\n\t\t\t\t\t<ul><li>To sustainably reduce our carbon footprint and energy costs<\/li><li>Optimizing the performance of our facilities through a structured and measurable approach<\/li><li>Maintaining ISO 50001 certification in the long term, in line with our quality approach,<br \/>Environment and Safety<\/li><\/ul>\t\t\t\t<\/div>\n\t\t\t\t\t<\/div>\n\t\t\t\t<\/div>\n\t\t\t\t<\/div>\n\t\t\t\t<\/div>\n\t\t\t\t\t<\/div>\n\t\t\t\t<\/div>\n\t\t\r\n\t\t<div class=\"default no-position show_shadow rs-sticky-default elementor-element elementor-element-4596215 e-flex e-con-boxed e-con e-parent\" data-id=\"4596215\" data-element_type=\"container\">\n\t\t\t\t\t<div class=\"e-con-inner\">\n\t\t\r\n\t\t\t\t<div class=\"elementor-element elementor-element-da4fdc9 elementor-arrows-position-inside elementor-widget elementor-widget-image-carousel\" data-id=\"da4fdc9\" data-element_type=\"widget\" data-settings=\"{&quot;navigation&quot;:&quot;arrows&quot;,&quot;autoplay&quot;:&quot;yes&quot;,&quot;pause_on_hover&quot;:&quot;yes&quot;,&quot;pause_on_interaction&quot;:&quot;yes&quot;,&quot;autoplay_speed&quot;:5000,&quot;infinite&quot;:&quot;yes&quot;,&quot;speed&quot;:500}\" data-widget_type=\"image-carousel.default\">\n\t\t\t\t<div class=\"elementor-widget-container\">\n\t\t\t\t\t\t\t<div class=\"elementor-image-carousel-wrapper swiper\" role=\"region\" aria-roledescription=\"carousel\" aria-label=\"Image Carousel\" dir=\"ltr\">\n\t\t\t<div class=\"elementor-image-carousel swiper-wrapper\" aria-live=\"off\">\n\t\t\t\t\t\t\t\t<div class=\"swiper-slide\" role=\"group\" aria-roledescription=\"slide\" aria-label=\"1 sur 5\"><figure class=\"swiper-slide-inner\"><img decoding=\"async\" class=\"swiper-slide-image\" src=\"https:\/\/www.smcsteel-tunisia.com\/wp-content\/uploads\/elementor\/thumbs\/WhatsApp-Image-2025-08-01-a-13.49.07_6dd6ae30-r9pxeve1usnaxiquor2ypmc43h873x70es2n1i5v5s.jpg\" alt=\"WhatsApp Image 2025-08-01 \u00e0 13.49.07_6dd6ae30\" \/><\/figure><\/div><div class=\"swiper-slide\" role=\"group\" aria-roledescription=\"slide\" aria-label=\"2 sur 5\"><figure class=\"swiper-slide-inner\"><img decoding=\"async\" class=\"swiper-slide-image\" src=\"https:\/\/www.smcsteel-tunisia.com\/wp-content\/uploads\/elementor\/thumbs\/WhatsApp-Image-2025-08-01-a-13.49.07_36a81a66-r9pxey7kfar5wcmr8aauf3mhvmuar0i7f613hc1on4.jpg\" alt=\"WhatsApp Image 2025-08-01 \u00e0 13.49.07_36a81a66\" \/><\/figure><\/div><div class=\"swiper-slide\" role=\"group\" aria-roledescription=\"slide\" aria-label=\"3 sur 5\"><figure class=\"swiper-slide-inner\"><img decoding=\"async\" class=\"swiper-slide-image\" src=\"https:\/\/www.smcsteel-tunisia.com\/wp-content\/uploads\/elementor\/thumbs\/WhatsApp-Image-2025-08-01-a-13.49.07_80d2da11-r9pxf038sytqjkk0xb43k35f2el16epo3fc2fvywfy.jpg\" alt=\"WhatsApp Image 2025-08-01 \u00e0 13.49.07_80d2da11\" \/><\/figure><\/div><div class=\"swiper-slide\" role=\"group\" aria-roledescription=\"slide\" aria-label=\"4 sur 5\"><figure class=\"swiper-slide-inner\"><img decoding=\"async\" class=\"swiper-slide-image\" src=\"https:\/\/www.smcsteel-tunisia.com\/wp-content\/uploads\/elementor\/thumbs\/WhatsApp-Image-2025-08-06-a-09.34.13_a7e29409-r9utsc49x2l36xsl9ucy9usahjivqt4nppmwn9qxtc.jpg\" alt=\"WhatsApp Image 2025-08-06 \u00e0 09.34.13_a7e29409\" \/><\/figure><\/div><div class=\"swiper-slide\" role=\"group\" aria-roledescription=\"slide\" aria-label=\"5 sur 5\"><figure class=\"swiper-slide-inner\"><img decoding=\"async\" class=\"swiper-slide-image\" src=\"https:\/\/www.smcsteel-tunisia.com\/wp-content\/uploads\/elementor\/thumbs\/cert_mt-r9uwcpp9kx1k7blzurv0bjl46s7i7xuzqxqsk8s264.webp\" alt=\"cert_mt\" \/><\/figure><\/div>\t\t\t<\/div>\n\t\t\t\t\t\t\t\t\t\t\t\t<div class=\"elementor-swiper-button elementor-swiper-button-prev\" role=\"button\" tabindex=\"0\">\n\t\t\t\t\t\t<svg aria-hidden=\"true\" class=\"e-font-icon-svg e-eicon-chevron-left\" viewbox=\"0 0 1000 1000\" xmlns=\"http:\/\/www.w3.org\/2000\/svg\"><path d=\"M646 125C629 125 613 133 604 142L308 442C296 454 292 471 292 487 292 504 296 521 308 533L604 854C617 867 629 875 646 875 663 875 679 871 692 858 704 846 713 829 713 812 713 796 708 779 692 767L438 487 692 225C700 217 708 204 708 187 708 171 704 154 692 142 675 129 663 125 646 125Z\"><\/path><\/svg>\t\t\t\t\t<\/div>\n\t\t\t\t\t<div class=\"elementor-swiper-button elementor-swiper-button-next\" role=\"button\" tabindex=\"0\">\n\t\t\t\t\t\t<svg aria-hidden=\"true\" class=\"e-font-icon-svg e-eicon-chevron-right\" viewbox=\"0 0 1000 1000\" xmlns=\"http:\/\/www.w3.org\/2000\/svg\"><path d=\"M696 533C708 521 713 504 713 487 713 471 708 454 696 446L400 146C388 133 375 125 354 125 338 125 325 129 313 142 300 154 292 171 292 187 292 204 296 221 308 233L563 492 304 771C292 783 288 800 288 817 288 833 296 850 308 863 321 871 338 875 354 875 371 875 388 867 400 854L696 533Z\"><\/path><\/svg>\t\t\t\t\t<\/div>\n\t\t\t\t\n\t\t\t\t\t\t\t\t\t<\/div>\n\t\t\t\t\t\t<\/div>\n\t\t\t\t<\/div>\n\t\t\t\t\t<\/div>\n\t\t\t\t<\/div>\n\t\t\r\n\t\t<div class=\"default no-position show_shadow rs-sticky-default elementor-element elementor-element-40f8588 e-flex e-con-boxed e-con e-parent\" data-id=\"40f8588\" data-element_type=\"container\">\n\t\t\t\t\t<div class=\"e-con-inner\">\n\t\t\r\n\t\t\t\t<div class=\"elementor-element elementor-element-008e18c elementor-widget elementor-widget-spacer\" data-id=\"008e18c\" data-element_type=\"widget\" data-widget_type=\"spacer.default\">\n\t\t\t\t<div class=\"elementor-widget-container\">\n\t\t\t\t\t\t\t<div class=\"elementor-spacer\">\n\t\t\t<div class=\"elementor-spacer-inner\"><\/div>\n\t\t<\/div>\n\t\t\t\t\t\t<\/div>\n\t\t\t\t<\/div>\n\t\t\t\t\t<\/div>\n\t\t\t\t<\/div>\n\t\t\t\t<\/div>","protected":false},"excerpt":{"rendered":"<p>Energie smc &gt; Blog Energie Une d\u00e9marche proactive vers l\u2019efficacit\u00e9 \u00e9nerg\u00e9tique Consciente des enjeux \u00e9conomiques et environnementaux li\u00e9s \u00e0 la consommation d\u2019\u00e9nergie dans l\u2019industrie sid\u00e9rurgique, la Soci\u00e9t\u00e9 M\u00e9tallurgique du Centre (SMC) a engag\u00e9 une strat\u00e9gie claire de ma\u00eetrise de l\u2019\u00e9nergie et d\u2019optimisation de ses performances \u00e9nerg\u00e9tiques. Energie Certification ISO 50001 Depuis plusieurs ann\u00e9es, SMC a&#8230;<\/p>","protected":false},"author":1,"featured_media":0,"parent":0,"menu_order":0,"comment_status":"closed","ping_status":"closed","template":"elementor_header_footer","meta":{"footnotes":""},"class_list":["post-29239","page","type-page","status-publish","hentry"],"_links":{"self":[{"href":"https:\/\/www.smcsteel-tunisia.com\/en\/wp-json\/wp\/v2\/pages\/29239","targetHints":{"allow":["GET"]}}],"collection":[{"href":"https:\/\/www.smcsteel-tunisia.com\/en\/wp-json\/wp\/v2\/pages"}],"about":[{"href":"https:\/\/www.smcsteel-tunisia.com\/en\/wp-json\/wp\/v2\/types\/page"}],"author":[{"embeddable":true,"href":"https:\/\/www.smcsteel-tunisia.com\/en\/wp-json\/wp\/v2\/users\/1"}],"replies":[{"embeddable":true,"href":"https:\/\/www.smcsteel-tunisia.com\/en\/wp-json\/wp\/v2\/comments?post=29239"}],"version-history":[{"count":47,"href":"https:\/\/www.smcsteel-tunisia.com\/en\/wp-json\/wp\/v2\/pages\/29239\/revisions"}],"predecessor-version":[{"id":29989,"href":"https:\/\/www.smcsteel-tunisia.com\/en\/wp-json\/wp\/v2\/pages\/29239\/revisions\/29989"}],"wp:attachment":[{"href":"https:\/\/www.smcsteel-tunisia.com\/en\/wp-json\/wp\/v2\/media?parent=29239"}],"curies":[{"name":"wp","href":"https:\/\/api.w.org\/{rel}","templated":true}]}}