{"id":29233,"date":"2025-05-21T22:46:29","date_gmt":"2025-05-21T22:46:29","guid":{"rendered":"http:\/\/www.smcsteel-tunisia.com\/?page_id=29233"},"modified":"2025-08-26T09:53:02","modified_gmt":"2025-08-26T09:53:02","slug":"fer-rond-a-beton","status":"publish","type":"page","link":"https:\/\/www.smcsteel-tunisia.com\/en\/fer-rond-a-beton\/","title":{"rendered":"Reinforcing\u00a0Bar"},"content":{"rendered":"<div data-elementor-type=\"wp-page\" data-elementor-id=\"29233\" class=\"elementor elementor-29233\">\n\t\t\t\t\r\n\t\t<div class=\"default no-position show_shadow rs-sticky-default elementor-element elementor-element-50d35f1 e-con-full e-flex e-con e-parent\" data-id=\"50d35f1\" data-element_type=\"container\" data-settings=\"{&quot;background_background&quot;:&quot;classic&quot;}\">\n\t\t\r\n\t\t<div class=\"default no-position show_shadow rs-sticky-default elementor-element elementor-element-5cabd42 e-flex e-con-boxed e-con e-child\" data-id=\"5cabd42\" data-element_type=\"container\">\n\t\t\t\t\t<div class=\"e-con-inner\">\n\t\t\r\n\t\t<div class=\"default no-position show_shadow rs-sticky-default elementor-element elementor-element-cc6f078 e-con-full e-flex e-con e-child\" data-id=\"cc6f078\" data-element_type=\"container\">\n\t\t\r\n\t\t\t\t<div class=\"elementor-element elementor-element-c8f0f8b elementor-widget elementor-widget-page-title\" data-id=\"c8f0f8b\" data-element_type=\"widget\" data-widget_type=\"page-title.default\">\n\t\t\t\t<div class=\"elementor-widget-container\">\n\t\t\t\t\t\t\t\n\t\t<div class=\"hfe-page-title hfe-page-title-wrapper elementor-widget-heading\">\n\t\t\t\n\t\t\t<h1 class=\"elementor-heading-title elementor-size\">\n\t\t\t\tReinforcing\u00a0Bar\t\t\t \n\t\t\t<\/h1> \n\n\t\t\t\t\t\t\t\t<\/div>\n\t\t\t\t\t\t<\/div>\n\t\t\t\t<\/div>\n\t\t\r\n\t\t\t\t<div class=\"elementor-element elementor-element-75d7d8e elementor-widget elementor-widget-rs-breadcrumb\" data-id=\"75d7d8e\" data-element_type=\"widget\" data-widget_type=\"rs-breadcrumb.default\">\n\t\t\t\t<div class=\"elementor-widget-container\">\n\t\t\t\t\t                    <div class=\"breadcrumb-area style3\"> \n                <div class=\"breadcrumbs-inner\"> \n                    <span property=\"itemListElement\" typeof=\"ListItem\"><a property=\"item\" typeof=\"WebPage\" title=\"Go to smc.\" href=\"https:\/\/www.smcsteel-tunisia.com\/en\" class=\"home\" ><span property=\"name\">smc<\/span><\/a><meta property=\"position\" content=\"1\"><\/span> &gt; <span property=\"itemListElement\" typeof=\"ListItem\"><a property=\"item\" typeof=\"WebPage\" title=\"Go to Blog.\" href=\"https:\/\/www.smcsteel-tunisia.com\/en\/blog\/\" class=\"post-root post post-post\" aria-current=\"page\"><span property=\"name\">Blog<\/span><\/a><meta property=\"position\" content=\"2\"><\/span>                <\/div>\n            <\/div> \n          \n    \t\t\t\t<\/div>\n\t\t\t\t<\/div>\n\t\t\t\t<\/div>\n\t\t\r\n\t\t<div class=\"default no-position show_shadow rs-sticky-default elementor-element elementor-element-ac9df42 e-con-full e-flex e-con e-child\" data-id=\"ac9df42\" data-element_type=\"container\">\n\t\t\t\t<\/div>\n\t\t\t\t\t<\/div>\n\t\t\t\t<\/div>\n\t\t\t\t<\/div>\n\t\t\r\n\t\t<div class=\"default no-position show_shadow rs-sticky-default elementor-element elementor-element-ba61905 e-flex e-con-boxed e-con e-parent\" data-id=\"ba61905\" data-element_type=\"container\">\n\t\t\t\t\t<div class=\"e-con-inner\">\n\t\t\r\n\t\t\t\t<div class=\"elementor-element elementor-element-2cd42cd elementor-widget__width-initial elementor-widget elementor-widget-rs-heading\" data-id=\"2cd42cd\" data-element_type=\"widget\" data-widget_type=\"rs-heading.default\">\n\t\t\t\t<div class=\"elementor-widget-container\">\n\t\t\t\t\t\n\t\t<div class=\"prelements-heading default\">\n\t\t\t<div class=\"title-inner\">\n\t\t\t\t\t\t\t\t\t<span class=\"sub-text\">\n\t\t\t\t\t\t\t\t\t\t\t\tReinforcing\u00a0Bar\t\t\t\t\t<\/span>\n\t\t\t\t<h2 class=\"title rs-split-text-disable\">Chemical characteristics<\/h2>\n\t\t\t<\/div>\n\t\t\t\t\t\t\t<div class=\"description\">\n\t\t\t\t\t<p>Chemical composition based on casting analysis \u2013 Maximum values \u200b\u200bin mass percentage<\/p>\t\t\t\t<\/div>\n\t\t\t\t\t<\/div>\n\t\t\t\t<\/div>\n\t\t\t\t<\/div>\n\t\t\r\n\t\t\t\t<div class=\"elementor-element elementor-element-f10dcbb elementor-widget elementor-widget-image\" data-id=\"f10dcbb\" data-element_type=\"widget\" data-widget_type=\"image.default\">\n\t\t\t\t<div class=\"elementor-widget-container\">\n\t\t\t\t\t\t\t\t\t\t\t\t\t\t\t\t<a href=\"https:\/\/www.smcsteel-tunisia.com\/wp-content\/uploads\/2025\/08\/Capture-decran-2025-08-12-143402.png\" data-elementor-open-lightbox=\"yes\" data-elementor-lightbox-title=\"Capture d\u2019\u00e9cran 2025-08-12 143402\" data-e-action-hash=\"#elementor-action%3Aaction%3Dlightbox%26settings%3DeyJpZCI6Mjk3NzksInVybCI6Imh0dHBzOlwvXC93d3cuc21jc3RlZWwtdHVuaXNpYS5jb21cL3dwLWNvbnRlbnRcL3VwbG9hZHNcLzIwMjVcLzA4XC9DYXB0dXJlLWRlY3Jhbi0yMDI1LTA4LTEyLTE0MzQwMi5wbmcifQ%3D%3D\">\n\t\t\t\t\t\t\t<img fetchpriority=\"high\" decoding=\"async\" width=\"842\" height=\"84\" src=\"https:\/\/www.smcsteel-tunisia.com\/wp-content\/uploads\/2025\/08\/Capture-decran-2025-08-12-143402.png\" class=\"attachment-full size-full wp-image-29779\" alt=\"\" srcset=\"https:\/\/www.smcsteel-tunisia.com\/wp-content\/uploads\/2025\/08\/Capture-decran-2025-08-12-143402.png 842w, https:\/\/www.smcsteel-tunisia.com\/wp-content\/uploads\/2025\/08\/Capture-decran-2025-08-12-143402-300x30.png 300w, https:\/\/www.smcsteel-tunisia.com\/wp-content\/uploads\/2025\/08\/Capture-decran-2025-08-12-143402-768x77.png 768w, https:\/\/www.smcsteel-tunisia.com\/wp-content\/uploads\/2025\/08\/Capture-decran-2025-08-12-143402-18x2.png 18w, https:\/\/www.smcsteel-tunisia.com\/wp-content\/uploads\/2025\/08\/Capture-decran-2025-08-12-143402-834x84.png 834w\" sizes=\"(max-width: 842px) 100vw, 842px\" \/>\t\t\t\t\t\t\t\t<\/a>\n\t\t\t\t\t\t\t\t\t\t\t\t\t\t\t<\/div>\n\t\t\t\t<\/div>\n\t\t\t\t\t<\/div>\n\t\t\t\t<\/div>\n\t\t\r\n\t\t<div class=\"default no-position show_shadow rs-sticky-default elementor-element elementor-element-e927a28 e-flex e-con-boxed e-con e-parent\" data-id=\"e927a28\" data-element_type=\"container\">\n\t\t\t\t\t<div class=\"e-con-inner\">\n\t\t\r\n\t\t\t\t<div class=\"elementor-element elementor-element-e9b0ab3 elementor-widget__width-initial elementor-widget elementor-widget-rs-heading\" data-id=\"e9b0ab3\" data-element_type=\"widget\" data-widget_type=\"rs-heading.default\">\n\t\t\t\t<div class=\"elementor-widget-container\">\n\t\t\t\t\t\n\t\t<div class=\"prelements-heading default\">\n\t\t\t<div class=\"title-inner\">\n\t\t\t\t\t\t\t\t\t<span class=\"sub-text\">\n\t\t\t\t\t\t\t\t\t\t\t\tReinforcing\u00a0Bar\t\t\t\t\t<\/span>\n\t\t\t\t<h2 class=\"title rs-split-text-disable\">Geometric characteristics<\/h2>\n\t\t\t<\/div>\n\t\t\t\t\t\t\t<div class=\"description\">\n\t\t\t\t\t<p>Dimensions, linear masses and permissible deviations<\/p>\t\t\t\t<\/div>\n\t\t\t\t\t<\/div>\n\t\t\t\t<\/div>\n\t\t\t\t<\/div>\n\t\t\r\n\t\t\t\t<div class=\"elementor-element elementor-element-f8e3bff elementor-widget elementor-widget-image\" data-id=\"f8e3bff\" data-element_type=\"widget\" data-widget_type=\"image.default\">\n\t\t\t\t<div class=\"elementor-widget-container\">\n\t\t\t\t\t\t\t\t\t\t\t\t\t\t\t\t<a href=\"https:\/\/www.smcsteel-tunisia.com\/wp-content\/uploads\/2025\/08\/Capture-decran-2025-08-12-143348.png\" data-elementor-open-lightbox=\"yes\" data-elementor-lightbox-title=\"Capture d\u2019\u00e9cran 2025-08-12 143348\" data-e-action-hash=\"#elementor-action%3Aaction%3Dlightbox%26settings%3DeyJpZCI6Mjk3ODAsInVybCI6Imh0dHBzOlwvXC93d3cuc21jc3RlZWwtdHVuaXNpYS5jb21cL3dwLWNvbnRlbnRcL3VwbG9hZHNcLzIwMjVcLzA4XC9DYXB0dXJlLWRlY3Jhbi0yMDI1LTA4LTEyLTE0MzM0OC5wbmcifQ%3D%3D\">\n\t\t\t\t\t\t\t<img decoding=\"async\" width=\"868\" height=\"311\" src=\"https:\/\/www.smcsteel-tunisia.com\/wp-content\/uploads\/2025\/08\/Capture-decran-2025-08-12-143348.png\" class=\"attachment-full size-full wp-image-29780\" alt=\"\" srcset=\"https:\/\/www.smcsteel-tunisia.com\/wp-content\/uploads\/2025\/08\/Capture-decran-2025-08-12-143348.png 868w, https:\/\/www.smcsteel-tunisia.com\/wp-content\/uploads\/2025\/08\/Capture-decran-2025-08-12-143348-300x107.png 300w, https:\/\/www.smcsteel-tunisia.com\/wp-content\/uploads\/2025\/08\/Capture-decran-2025-08-12-143348-768x275.png 768w, https:\/\/www.smcsteel-tunisia.com\/wp-content\/uploads\/2025\/08\/Capture-decran-2025-08-12-143348-18x6.png 18w\" sizes=\"(max-width: 868px) 100vw, 868px\" \/>\t\t\t\t\t\t\t\t<\/a>\n\t\t\t\t\t\t\t\t\t\t\t\t\t\t\t<\/div>\n\t\t\t\t<\/div>\n\t\t\t\t\t<\/div>\n\t\t\t\t<\/div>\n\t\t\r\n\t\t<div class=\"default no-position show_shadow rs-sticky-default elementor-element elementor-element-5221242 e-flex e-con-boxed e-con e-parent\" data-id=\"5221242\" data-element_type=\"container\">\n\t\t\t\t\t<div class=\"e-con-inner\">\n\t\t\r\n\t\t\t\t<div class=\"elementor-element elementor-element-52868d5 elementor-widget__width-initial elementor-widget elementor-widget-rs-heading\" data-id=\"52868d5\" data-element_type=\"widget\" data-widget_type=\"rs-heading.default\">\n\t\t\t\t<div class=\"elementor-widget-container\">\n\t\t\t\t\t\n\t\t<div class=\"prelements-heading default\">\n\t\t\t<div class=\"title-inner\">\n\t\t\t\t\n\t\t\t<\/div>\n\t\t\t\t\t\t\t<div class=\"description\">\n\t\t\t\t\t<p>Adhesion<\/p>\t\t\t\t<\/div>\n\t\t\t\t\t<\/div>\n\t\t\t\t<\/div>\n\t\t\t\t<\/div>\n\t\t\r\n\t\t\t\t<div class=\"elementor-element elementor-element-9487032 elementor-widget elementor-widget-image\" data-id=\"9487032\" data-element_type=\"widget\" data-widget_type=\"image.default\">\n\t\t\t\t<div class=\"elementor-widget-container\">\n\t\t\t\t\t\t\t\t\t\t\t\t\t\t\t<img decoding=\"async\" width=\"870\" height=\"46\" src=\"https:\/\/www.smcsteel-tunisia.com\/wp-content\/uploads\/2025\/08\/Capture-decran-2025-08-13-132007.png\" class=\"attachment-full size-full wp-image-29859\" alt=\"\" srcset=\"https:\/\/www.smcsteel-tunisia.com\/wp-content\/uploads\/2025\/08\/Capture-decran-2025-08-13-132007.png 870w, https:\/\/www.smcsteel-tunisia.com\/wp-content\/uploads\/2025\/08\/Capture-decran-2025-08-13-132007-300x16.png 300w, https:\/\/www.smcsteel-tunisia.com\/wp-content\/uploads\/2025\/08\/Capture-decran-2025-08-13-132007-768x41.png 768w, https:\/\/www.smcsteel-tunisia.com\/wp-content\/uploads\/2025\/08\/Capture-decran-2025-08-13-132007-18x1.png 18w\" sizes=\"(max-width: 870px) 100vw, 870px\" \/>\t\t\t\t\t\t\t\t\t\t\t\t\t\t\t<\/div>\n\t\t\t\t<\/div>\n\t\t\t\t\t<\/div>\n\t\t\t\t<\/div>\n\t\t\r\n\t\t<div class=\"default no-position show_shadow rs-sticky-default elementor-element elementor-element-409cf79 e-flex e-con-boxed e-con e-parent\" data-id=\"409cf79\" data-element_type=\"container\">\n\t\t\t\t\t<div class=\"e-con-inner\">\n\t\t\r\n\t\t\t\t<div class=\"elementor-element elementor-element-1e712eb elementor-widget__width-initial elementor-widget elementor-widget-rs-heading\" data-id=\"1e712eb\" data-element_type=\"widget\" data-widget_type=\"rs-heading.default\">\n\t\t\t\t<div class=\"elementor-widget-container\">\n\t\t\t\t\t\n\t\t<div class=\"prelements-heading default\">\n\t\t\t<div class=\"title-inner\">\n\t\t\t\t\t\t\t\t\t<span class=\"sub-text\">\n\t\t\t\t\t\t\t\t\t\t\t\tReinforcing\u00a0Bar\t\t\t\t\t<\/span>\n\t\t\t\t<h2 class=\"title rs-split-text-disable\">Mechanical characteristics<\/h2>\n\t\t\t<\/div>\n\t\t\t\t\t\t\t<div class=\"description\">\n\t\t\t\t\t<p>Upper yield strength Reh, Tensile strength Rm and Total elongation per cent at force<br \/>Maximum Agt\u2105 \u2013 Minimum values<\/p>\t\t\t\t<\/div>\n\t\t\t\t\t<\/div>\n\t\t\t\t<\/div>\n\t\t\t\t<\/div>\n\t\t\r\n\t\t\t\t<div class=\"elementor-element elementor-element-3394b12 elementor-widget elementor-widget-image\" data-id=\"3394b12\" data-element_type=\"widget\" data-widget_type=\"image.default\">\n\t\t\t\t<div class=\"elementor-widget-container\">\n\t\t\t\t\t\t\t\t\t\t\t\t\t\t\t\t<a href=\"https:\/\/www.smcsteel-tunisia.com\/wp-content\/uploads\/2025\/08\/Capture-decran-2025-08-13-131855.png\" data-elementor-open-lightbox=\"yes\" data-elementor-lightbox-title=\"Capture d\u2019\u00e9cran 2025-08-13 131855\" data-e-action-hash=\"#elementor-action%3Aaction%3Dlightbox%26settings%3DeyJpZCI6Mjk4NTgsInVybCI6Imh0dHBzOlwvXC93d3cuc21jc3RlZWwtdHVuaXNpYS5jb21cL3dwLWNvbnRlbnRcL3VwbG9hZHNcLzIwMjVcLzA4XC9DYXB0dXJlLWRlY3Jhbi0yMDI1LTA4LTEzLTEzMTg1NS5wbmcifQ%3D%3D\">\n\t\t\t\t\t\t\t<img loading=\"lazy\" decoding=\"async\" width=\"874\" height=\"107\" src=\"https:\/\/www.smcsteel-tunisia.com\/wp-content\/uploads\/2025\/08\/Capture-decran-2025-08-13-131855.png\" class=\"attachment-full size-full wp-image-29858\" alt=\"\" srcset=\"https:\/\/www.smcsteel-tunisia.com\/wp-content\/uploads\/2025\/08\/Capture-decran-2025-08-13-131855.png 874w, https:\/\/www.smcsteel-tunisia.com\/wp-content\/uploads\/2025\/08\/Capture-decran-2025-08-13-131855-300x37.png 300w, https:\/\/www.smcsteel-tunisia.com\/wp-content\/uploads\/2025\/08\/Capture-decran-2025-08-13-131855-768x94.png 768w, https:\/\/www.smcsteel-tunisia.com\/wp-content\/uploads\/2025\/08\/Capture-decran-2025-08-13-131855-18x2.png 18w\" sizes=\"(max-width: 874px) 100vw, 874px\" \/>\t\t\t\t\t\t\t\t<\/a>\n\t\t\t\t\t\t\t\t\t\t\t\t\t\t\t<\/div>\n\t\t\t\t<\/div>\n\t\t\t\t\t<\/div>\n\t\t\t\t<\/div>\n\t\t\r\n\t\t<div class=\"default no-position show_shadow rs-sticky-default elementor-element elementor-element-d266ed3 e-flex e-con-boxed e-con e-parent\" data-id=\"d266ed3\" data-element_type=\"container\">\n\t\t\t\t\t<div class=\"e-con-inner\">\n\t\t\r\n\t\t\t\t<div class=\"elementor-element elementor-element-3ab270d elementor-arrows-position-inside elementor-widget elementor-widget-image-carousel\" data-id=\"3ab270d\" data-element_type=\"widget\" data-settings=\"{&quot;navigation&quot;:&quot;arrows&quot;,&quot;autoplay&quot;:&quot;yes&quot;,&quot;pause_on_hover&quot;:&quot;yes&quot;,&quot;pause_on_interaction&quot;:&quot;yes&quot;,&quot;autoplay_speed&quot;:5000,&quot;infinite&quot;:&quot;yes&quot;,&quot;speed&quot;:500}\" data-widget_type=\"image-carousel.default\">\n\t\t\t\t<div class=\"elementor-widget-container\">\n\t\t\t\t\t\t\t<div class=\"elementor-image-carousel-wrapper swiper\" role=\"region\" aria-roledescription=\"carousel\" aria-label=\"Image Carousel\" dir=\"ltr\">\n\t\t\t<div class=\"elementor-image-carousel swiper-wrapper\" aria-live=\"off\">\n\t\t\t\t\t\t\t\t<div class=\"swiper-slide\" role=\"group\" aria-roledescription=\"slide\" aria-label=\"1 sur 5\"><figure class=\"swiper-slide-inner\"><img decoding=\"async\" class=\"swiper-slide-image\" src=\"https:\/\/www.smcsteel-tunisia.com\/wp-content\/uploads\/elementor\/thumbs\/WhatsApp-Image-2025-08-01-a-13.49.07_6dd6ae30-r9pxeve1usnaxiquor2ypmc43h873x70es2n1i5v5s.jpg\" alt=\"WhatsApp Image 2025-08-01 \u00e0 13.49.07_6dd6ae30\" \/><\/figure><\/div><div class=\"swiper-slide\" role=\"group\" aria-roledescription=\"slide\" aria-label=\"2 sur 5\"><figure class=\"swiper-slide-inner\"><img decoding=\"async\" class=\"swiper-slide-image\" src=\"https:\/\/www.smcsteel-tunisia.com\/wp-content\/uploads\/elementor\/thumbs\/WhatsApp-Image-2025-08-01-a-13.49.07_36a81a66-r9pxey7kfar5wcmr8aauf3mhvmuar0i7f613hc1on4.jpg\" alt=\"WhatsApp Image 2025-08-01 \u00e0 13.49.07_36a81a66\" \/><\/figure><\/div><div class=\"swiper-slide\" role=\"group\" aria-roledescription=\"slide\" aria-label=\"3 sur 5\"><figure class=\"swiper-slide-inner\"><img decoding=\"async\" class=\"swiper-slide-image\" src=\"https:\/\/www.smcsteel-tunisia.com\/wp-content\/uploads\/elementor\/thumbs\/WhatsApp-Image-2025-08-01-a-13.49.07_80d2da11-r9pxf038sytqjkk0xb43k35f2el16epo3fc2fvywfy.jpg\" alt=\"WhatsApp Image 2025-08-01 \u00e0 13.49.07_80d2da11\" \/><\/figure><\/div><div class=\"swiper-slide\" role=\"group\" aria-roledescription=\"slide\" aria-label=\"4 sur 5\"><figure class=\"swiper-slide-inner\"><img decoding=\"async\" class=\"swiper-slide-image\" src=\"https:\/\/www.smcsteel-tunisia.com\/wp-content\/uploads\/elementor\/thumbs\/WhatsApp-Image-2025-08-06-a-09.34.13_a7e29409-r9utsc49x2l36xsl9ucy9usahjivqt4nppmwn9qxtc.jpg\" alt=\"WhatsApp Image 2025-08-06 \u00e0 09.34.13_a7e29409\" \/><\/figure><\/div><div class=\"swiper-slide\" role=\"group\" aria-roledescription=\"slide\" aria-label=\"5 sur 5\"><figure class=\"swiper-slide-inner\"><img decoding=\"async\" class=\"swiper-slide-image\" src=\"https:\/\/www.smcsteel-tunisia.com\/wp-content\/uploads\/elementor\/thumbs\/cert_mt-r9uwcpp9kx1k7blzurv0bjl46s7i7xuzqxqsk8s264.webp\" alt=\"cert_mt\" \/><\/figure><\/div>\t\t\t<\/div>\n\t\t\t\t\t\t\t\t\t\t\t\t<div class=\"elementor-swiper-button elementor-swiper-button-prev\" role=\"button\" tabindex=\"0\">\n\t\t\t\t\t\t<svg aria-hidden=\"true\" class=\"e-font-icon-svg e-eicon-chevron-left\" viewbox=\"0 0 1000 1000\" xmlns=\"http:\/\/www.w3.org\/2000\/svg\"><path d=\"M646 125C629 125 613 133 604 142L308 442C296 454 292 471 292 487 292 504 296 521 308 533L604 854C617 867 629 875 646 875 663 875 679 871 692 858 704 846 713 829 713 812 713 796 708 779 692 767L438 487 692 225C700 217 708 204 708 187 708 171 704 154 692 142 675 129 663 125 646 125Z\"><\/path><\/svg>\t\t\t\t\t<\/div>\n\t\t\t\t\t<div class=\"elementor-swiper-button elementor-swiper-button-next\" role=\"button\" tabindex=\"0\">\n\t\t\t\t\t\t<svg aria-hidden=\"true\" class=\"e-font-icon-svg e-eicon-chevron-right\" viewbox=\"0 0 1000 1000\" xmlns=\"http:\/\/www.w3.org\/2000\/svg\"><path d=\"M696 533C708 521 713 504 713 487 713 471 708 454 696 446L400 146C388 133 375 125 354 125 338 125 325 129 313 142 300 154 292 171 292 187 292 204 296 221 308 233L563 492 304 771C292 783 288 800 288 817 288 833 296 850 308 863 321 871 338 875 354 875 371 875 388 867 400 854L696 533Z\"><\/path><\/svg>\t\t\t\t\t<\/div>\n\t\t\t\t\n\t\t\t\t\t\t\t\t\t<\/div>\n\t\t\t\t\t\t<\/div>\n\t\t\t\t<\/div>\n\t\t\t\t\t<\/div>\n\t\t\t\t<\/div>\n\t\t\r\n\t\t<div class=\"default no-position show_shadow rs-sticky-default elementor-element elementor-element-f2d29df e-flex e-con-boxed e-con e-parent\" data-id=\"f2d29df\" data-element_type=\"container\">\n\t\t\t\t\t<div class=\"e-con-inner\">\n\t\t\r\n\t\t\t\t<div class=\"elementor-element elementor-element-3b1a5e7 elementor-widget elementor-widget-spacer\" data-id=\"3b1a5e7\" data-element_type=\"widget\" data-widget_type=\"spacer.default\">\n\t\t\t\t<div class=\"elementor-widget-container\">\n\t\t\t\t\t\t\t<div class=\"elementor-spacer\">\n\t\t\t<div class=\"elementor-spacer-inner\"><\/div>\n\t\t<\/div>\n\t\t\t\t\t\t<\/div>\n\t\t\t\t<\/div>\n\t\t\t\t\t<\/div>\n\t\t\t\t<\/div>\n\t\t\t\t<\/div>","protected":false},"excerpt":{"rendered":"<p>Fer Rond \u00e0 B\u00e9ton smc &gt; Blog Fer Rond \u00e0 B\u00e9ton Caract\u00e9ristiques\u00a0chimiques Composition chimique bas\u00e9e sur l\u2019analyse de coul\u00e9e \u2013 Valeurs maximales en pourcentage en masse Fer Rond \u00e0 B\u00e9ton Caract\u00e9ristiques g\u00e9om\u00e9triques Dimensions, masses lin\u00e9iques et \u00e9carts admissibles Adh\u00e9rence Fer Rond \u00e0 B\u00e9ton Caract\u00e9ristiques m\u00e9caniques Limite sup\u00e9rieure d\u2019\u00e9coulement Reh, R\u00e9sistance \u00e0 la traction Rm et&#8230;<\/p>","protected":false},"author":1,"featured_media":0,"parent":0,"menu_order":0,"comment_status":"closed","ping_status":"closed","template":"elementor_header_footer","meta":{"footnotes":""},"class_list":["post-29233","page","type-page","status-publish","hentry"],"_links":{"self":[{"href":"https:\/\/www.smcsteel-tunisia.com\/en\/wp-json\/wp\/v2\/pages\/29233","targetHints":{"allow":["GET"]}}],"collection":[{"href":"https:\/\/www.smcsteel-tunisia.com\/en\/wp-json\/wp\/v2\/pages"}],"about":[{"href":"https:\/\/www.smcsteel-tunisia.com\/en\/wp-json\/wp\/v2\/types\/page"}],"author":[{"embeddable":true,"href":"https:\/\/www.smcsteel-tunisia.com\/en\/wp-json\/wp\/v2\/users\/1"}],"replies":[{"embeddable":true,"href":"https:\/\/www.smcsteel-tunisia.com\/en\/wp-json\/wp\/v2\/comments?post=29233"}],"version-history":[{"count":75,"href":"https:\/\/www.smcsteel-tunisia.com\/en\/wp-json\/wp\/v2\/pages\/29233\/revisions"}],"predecessor-version":[{"id":29926,"href":"https:\/\/www.smcsteel-tunisia.com\/en\/wp-json\/wp\/v2\/pages\/29233\/revisions\/29926"}],"wp:attachment":[{"href":"https:\/\/www.smcsteel-tunisia.com\/en\/wp-json\/wp\/v2\/media?parent=29233"}],"curies":[{"name":"wp","href":"https:\/\/api.w.org\/{rel}","templated":true}]}}