{"id":29292,"date":"2025-05-28T20:28:56","date_gmt":"2025-05-28T20:28:56","guid":{"rendered":"https:\/\/www.smcsteel-tunisia.com\/?page_id=29292"},"modified":"2025-12-02T11:33:38","modified_gmt":"2025-12-02T11:33:38","slug":"environnement-et-securite","status":"publish","type":"page","link":"https:\/\/www.smcsteel-tunisia.com\/ar\/environnement-et-securite\/","title":{"rendered":"\u0627\u0644\u0628\u064a\u0626\u0629 \u0648\u0627\u0644\u0633\u0644\u0627\u0645\u0629"},"content":{"rendered":"<div data-elementor-type=\"wp-page\" data-elementor-id=\"29292\" class=\"elementor elementor-29292\">\n\t\t\t\t\r\n\t\t<div class=\"default no-position show_shadow rs-sticky-default elementor-element elementor-element-fe411fc e-flex e-con-boxed e-con e-parent\" data-id=\"fe411fc\" data-element_type=\"container\" data-settings=\"{&quot;background_background&quot;:&quot;classic&quot;}\">\n\t\t\t\t\t<div class=\"e-con-inner\">\n\t\t\r\n\t\t<div class=\"default no-position show_shadow rs-sticky-default elementor-element elementor-element-9c6f5d8 e-flex e-con-boxed e-con e-child\" data-id=\"9c6f5d8\" data-element_type=\"container\">\n\t\t\t\t\t<div class=\"e-con-inner\">\n\t\t\r\n\t\t<div class=\"default no-position show_shadow rs-sticky-default elementor-element elementor-element-940b8be e-con-full e-flex e-con e-child\" data-id=\"940b8be\" data-element_type=\"container\">\n\t\t\r\n\t\t\t\t<div class=\"elementor-element elementor-element-1fc7142 elementor-widget elementor-widget-page-title\" data-id=\"1fc7142\" data-element_type=\"widget\" data-widget_type=\"page-title.default\">\n\t\t\t\t<div class=\"elementor-widget-container\">\n\t\t\t\t\t\t\t\n\t\t<div class=\"hfe-page-title hfe-page-title-wrapper elementor-widget-heading\">\n\t\t\t\n\t\t\t<h1 class=\"elementor-heading-title elementor-size\">\n\t\t\t\t\u0627\u0644\u0628\u064a\u0626\u0629 \u0648\u0627\u0644\u0633\u0644\u0627\u0645\u0629\t\t\t \n\t\t\t<\/h1> \n\n\t\t\t\t\t\t\t\t<\/div>\n\t\t\t\t\t\t<\/div>\n\t\t\t\t<\/div>\n\t\t\r\n\t\t\t\t<div class=\"elementor-element elementor-element-e8ba8ec elementor-widget elementor-widget-rs-breadcrumb\" data-id=\"e8ba8ec\" data-element_type=\"widget\" data-widget_type=\"rs-breadcrumb.default\">\n\t\t\t\t<div class=\"elementor-widget-container\">\n\t\t\t\t\t                    <div class=\"breadcrumb-area style3\"> \n                <div class=\"breadcrumbs-inner\"> \n                    <span property=\"itemListElement\" typeof=\"ListItem\"><a property=\"item\" typeof=\"WebPage\" title=\"Go to smc.\" href=\"https:\/\/www.smcsteel-tunisia.com\/ar\" class=\"home\" ><span property=\"name\">\u0634\u0631\u0643\u0629 \u0627\u0644\u0641\u0648\u0644\u0627\u0630 \u0628\u0627\u0644\u0648\u0633\u0637<\/span><\/a><meta property=\"position\" content=\"1\"><\/span> &gt; <span property=\"itemListElement\" typeof=\"ListItem\"><a property=\"item\" typeof=\"WebPage\" title=\"Go to Blog.\" href=\"https:\/\/www.smcsteel-tunisia.com\/ar\/blog\/\" class=\"post-root post post-post\" aria-current=\"page\"><span property=\"name\">\u0645\u062f\u0648\u0646\u0629<\/span><\/a><meta property=\"position\" content=\"2\"><\/span>                <\/div>\n            <\/div> \n          \n    \t\t\t\t<\/div>\n\t\t\t\t<\/div>\n\t\t\t\t<\/div>\n\t\t\r\n\t\t<div class=\"default no-position show_shadow rs-sticky-default elementor-element elementor-element-5860f95 e-con-full e-flex e-con e-child\" data-id=\"5860f95\" data-element_type=\"container\">\n\t\t\t\t<\/div>\n\t\t\t\t\t<\/div>\n\t\t\t\t<\/div>\n\t\t\t\t\t<\/div>\n\t\t\t\t<\/div>\n\t\t\r\n\t\t<div class=\"default no-position show_shadow rs-sticky-default elementor-element elementor-element-8d8deb6 e-flex e-con-boxed e-con e-parent\" data-id=\"8d8deb6\" data-element_type=\"container\">\n\t\t\t\t\t<div class=\"e-con-inner\">\n\t\t\r\n\t\t<div class=\"default no-position show_shadow rs-sticky-default elementor-element elementor-element-da30b50 e-con-full e-flex e-con e-child\" data-id=\"da30b50\" data-element_type=\"container\">\n\t\t\r\n\t\t\t\t<div class=\"elementor-element elementor-element-2a07aef elementor-widget__width-initial elementor-widget elementor-widget-rs-heading\" data-id=\"2a07aef\" data-element_type=\"widget\" data-widget_type=\"rs-heading.default\">\n\t\t\t\t<div class=\"elementor-widget-container\">\n\t\t\t\t\t\n\t\t<div class=\"prelements-heading style1\">\n\t\t\t<div class=\"title-inner\">\n\t\t\t\t\t\t\t\t\t<span class=\"sub-text\">\n\t\t\t\t\t\t\t\t\t\t\t\t\u0627\u0644\u0628\u064a\u0626\u0629 \u0648\u0627\u0644\u0633\u0644\u0627\u0645\u0629\t\t\t\t\t<\/span>\n\t\t\t\t<h2 class=\"title rs-split-text-disable\">\u0627\u062a\u062e\u0627\u0630 \u0625\u062c\u0631\u0627\u0621\u0627\u062a \u0645\u0646 \u0623\u062c\u0644 \u0628\u064a\u0626\u0629 \u0635\u062d\u064a\u0629 \u0648\u0645\u0643\u0627\u0646 \u0639\u0645\u0644 \u0622\u0645\u0646<\/h2>\n\t\t\t<\/div>\n\t\t\t\t\t\t\t<div class=\"description\">\n\t\t\t\t\t<p>\u064a\u0639\u062f \u0627\u062d\u062a\u0631\u0627\u0645 \u0645\u0639\u0627\u064a\u064a\u0631 \u0627\u0644\u0633\u0644\u0627\u0645\u0629 \u0648\u0635\u062d\u0629 \u0627\u0644\u0639\u0645\u0627\u0644 \u0648\u0627\u0644\u0628\u064a\u0626\u0629 \u0627\u0644\u062a\u064a \u064a\u0639\u0645\u0644\u0648\u0646 \u0641\u064a\u0647\u0627 \u0645\u0628\u0627\u062f\u0626 \u0623\u0633\u0627\u0633\u064a\u0629 \u0644\u0634\u0631\u0643\u0629 SMC.<br \/>\u0645\u0646 \u0623\u062c\u0644 \u0636\u0645\u0627\u0646 \u0645\u0633\u062a\u0648\u0649 \u0639\u0627\u0644\u064d\u060c \u0627\u062a\u0628\u0639\u062a \u0627\u0644\u0634\u0631\u0643\u0629 \u0633\u064a\u0627\u0633\u0629 \u0628\u064a\u0626\u064a\u0629 \u0648\u0633\u0644\u0627\u0645\u0629 \u062a\u062a\u0643\u0648\u0646 \u0645\u0646:<\/p>\t\t\t\t<\/div>\n\t\t\t\t\t<\/div>\n\t\t\t\t<\/div>\n\t\t\t\t<\/div>\n\t\t\t\t<\/div>\n\t\t\t\t\t<\/div>\n\t\t\t\t<\/div>\n\t\t\r\n\t\t<div class=\"default no-position show_shadow rs-sticky-default elementor-element elementor-element-2e43e74 e-flex e-con-boxed e-con e-parent\" data-id=\"2e43e74\" data-element_type=\"container\">\n\t\t\t\t\t<div class=\"e-con-inner\">\n\t\t\r\n\t\t<div class=\"default no-position show_shadow rs-sticky-default elementor-element elementor-element-3f35fd6 e-con-full e-flex e-con e-child\" data-id=\"3f35fd6\" data-element_type=\"container\">\n\t\t\r\n\t\t\t\t<div class=\"elementor-element elementor-element-6e31dac elementor-widget elementor-widget-image\" data-id=\"6e31dac\" data-element_type=\"widget\" data-widget_type=\"image.default\">\n\t\t\t\t<div class=\"elementor-widget-container\">\n\t\t\t\t\t\t\t\t\t\t\t\t\t\t\t<img fetchpriority=\"high\" decoding=\"async\" width=\"1536\" height=\"860\" src=\"https:\/\/www.smcsteel-tunisia.com\/wp-content\/uploads\/2025\/08\/Compress_20240319_210900_0060-1536x860-1.jpg\" class=\"attachment-full size-full wp-image-29809\" alt=\"\" srcset=\"https:\/\/www.smcsteel-tunisia.com\/wp-content\/uploads\/2025\/08\/Compress_20240319_210900_0060-1536x860-1.jpg 1536w, https:\/\/www.smcsteel-tunisia.com\/wp-content\/uploads\/2025\/08\/Compress_20240319_210900_0060-1536x860-1-300x168.jpg 300w, https:\/\/www.smcsteel-tunisia.com\/wp-content\/uploads\/2025\/08\/Compress_20240319_210900_0060-1536x860-1-1024x573.jpg 1024w, https:\/\/www.smcsteel-tunisia.com\/wp-content\/uploads\/2025\/08\/Compress_20240319_210900_0060-1536x860-1-768x430.jpg 768w, https:\/\/www.smcsteel-tunisia.com\/wp-content\/uploads\/2025\/08\/Compress_20240319_210900_0060-1536x860-1-18x10.jpg 18w\" sizes=\"(max-width: 1536px) 100vw, 1536px\" \/>\t\t\t\t\t\t\t\t\t\t\t\t\t\t\t<\/div>\n\t\t\t\t<\/div>\n\t\t\r\n\t\t\t\t<div class=\"elementor-element elementor-element-97c85b0 elementor-widget__width-initial elementor-widget elementor-widget-rs-heading\" data-id=\"97c85b0\" data-element_type=\"widget\" data-widget_type=\"rs-heading.default\">\n\t\t\t\t<div class=\"elementor-widget-container\">\n\t\t\t\t\t\n\t\t<div class=\"prelements-heading style1\">\n\t\t\t<div class=\"title-inner\">\n\t\t\t\t\n\t\t\t<\/div>\n\t\t\t\t\t\t\t<div class=\"description\">\n\t\t\t\t\t<ul><li>\u0627\u0644\u0639\u0636\u0648\u064a\u0629 \u0641\u064a \u0645\u062c\u0645\u0648\u0639\u0629 \u0623\u0637\u0628\u0627\u0621 \u0627\u0644\u0645\u0647\u0646\u0629 \"GMT\"<\/li><li>\u062a\u0642\u062f\u064a\u0645 \u062f\u0648\u0631\u0627\u062a \u062a\u062f\u0631\u064a\u0628\u064a\u0629 \u0641\u064a \u0627\u0644\u0625\u0633\u0639\u0627\u0641\u0627\u062a \u0627\u0644\u0623\u0648\u0644\u064a\u0629 \u0648\u0627\u0644\u0627\u0633\u062a\u062c\u0627\u0628\u0629 \u0644\u0644\u0637\u0648\u0627\u0631\u0626<br \/>\u0637\u0627\u0642\u0645 SMC \u0627\u0644\u0645\u062e\u0635\u0635 \u0644\u0647\u0630\u0647 \u0627\u0644\u0645\u0647\u0645\u0629<\/li><li>\u0648\u0636\u0639 \u0644\u0627\u0641\u062a\u0627\u062a \u062a\u0639\u0644\u064a\u0645\u0627\u062a \u0627\u0644\u0633\u0644\u0627\u0645\u0629 \u0648\u0625\u062c\u0631\u0627\u0621 \u062c\u0644\u0633\u0627\u062a \u0627\u0644\u062a\u062f\u0631\u064a\u0628 \u0648<br \/>\u0645\u0639\u0644\u0648\u0645\u0627\u062a \u0644\u0645\u0648\u0638\u0641\u064a \u0627\u0644\u0645\u0635\u0646\u0639 \u062d\u0648\u0644 \u0627\u0631\u062a\u062f\u0627\u0621 \u0645\u0639\u062f\u0627\u062a \u0627\u0644\u062d\u0645\u0627\u064a\u0629<br \/>\u0645\u0639\u062f\u0627\u062a \u0627\u0644\u062d\u0645\u0627\u064a\u0629 \u0627\u0644\u0634\u062e\u0635\u064a\u0629 \u0627\u0644\u0641\u0631\u062f\u064a\u0629 (\u0633\u062f\u0627\u062f\u0627\u062a \u0627\u0644\u0623\u0630\u0646\u060c \u0627\u0644\u062e\u0648\u0630\u0627\u062a\u060c \u0623\u062d\u0630\u064a\u0629 \u0627\u0644\u0633\u0644\u0627\u0645\u0629\u2026)<\/li><li>\u0625\u0646\u0634\u0627\u0621 \u0644\u062c\u0646\u0629 \u0645\u0634\u062a\u0631\u0643\u0629 \u0645\u0643\u0648\u0646\u0629 \u0645\u0646 \u0627\u0644\u0625\u062f\u0627\u0631\u0629 \u0627\u0644\u0639\u0627\u0645\u0629 \u0648<br \/>\u0645\u0645\u062b\u0644\u064a\u0646 \u0639\u0646 \u0645\u0648\u0638\u0641\u064a \u0627\u0644\u0645\u0635\u0646\u0639 \u0627\u0644\u0630\u064a\u0646 \u064a\u062f\u0631\u0633\u0648\u0646 \u0648\u064a\u0635\u0627\u062f\u0642\u0648\u0646 \u0639\u0644\u0649 \u0627\u0633\u062a\u0631\u0627\u062a\u064a\u062c\u064a\u0627\u062a \u0627\u0644\u062a\u0637\u0648\u064a\u0631 \u0627\u0644\u062e\u0627\u0635\u0629 \u0628\u0640<br \/>\u0627\u0644\u0628\u064a\u0626\u0629 \u0648\u0627\u0644\u0633\u0644\u0627\u0645\u0629<\/li><li>- \u0627\u0644\u0641\u062d\u0635 \u0648\u0627\u0644\u0635\u064a\u0627\u0646\u0629 \u0627\u0644\u062f\u0648\u0631\u064a\u0629 \u0644\u0644\u062a\u0631\u0643\u064a\u0628\u0627\u062a \u0627\u0644\u0643\u0647\u0631\u0628\u0627\u0626\u064a\u0629 \u0648\u0627\u0644\u0631\u0627\u0641\u0639\u0627\u062a \u0627\u0644\u0639\u0644\u0648\u064a\u0629\u060c<br \/>\u0631\u0627\u0641\u0639\u0629 \u0634\u0648\u0643\u064a\u0629 \u0648\u062e\u0632\u0627\u0646 \u0647\u0648\u0627\u0621 \u0645\u0636\u063a\u0648\u0637 \u0648\u0645\u0639\u062f\u0627\u062a \u0645\u0643\u0627\u0641\u062d\u0629 \u0627\u0644\u062d\u0631\u0627\u0626\u0642<br \/>\u064a\u062a\u0645 \u062a\u0623\u0645\u064a\u0646 \u0634\u0631\u0643\u0629 SMC \u0645\u0646 \u0642\u0628\u0644 \u0645\u0643\u0627\u062a\u0628 \u0627\u0644\u062a\u0641\u062a\u064a\u0634 \u0627\u0644\u0641\u0646\u064a \u0627\u0644\u0645\u0639\u062a\u0645\u062f\u0629 \u0645\u062b\u0644 WTI<\/li><li>\u0625\u0639\u062f\u0627\u062f \u062a\u0642\u064a\u064a\u0645 \u0627\u0644\u0623\u062b\u0631 \u0627\u0644\u0628\u064a\u0626\u064a \u0648\u062a\u0646\u0641\u064a\u0630\u0647<br \/>\u0646\u0638\u0627\u0645 \u0627\u0644\u0641\u0631\u0632 \u0627\u0644\u0627\u0646\u062a\u0642\u0627\u0626\u064a \u0627\u0644\u0630\u064a \u064a\u062a\u0645 \u0625\u062f\u0627\u0631\u062a\u0647 \u0628\u0627\u0646\u062a\u0638\u0627\u0645 \u0645\u0646 \u0642\u0628\u0644 \u0634\u0631\u0643\u0627\u062a \u0625\u0639\u0627\u062f\u0629 \u0627\u0644\u062a\u062f\u0648\u064a\u0631 \u0648\u0627\u0644\u0627\u0633\u062a\u0631\u062f\u0627\u062f<br \/>\u0627\u0644\u0639\u0644\u0627\u062c \u0627\u0644\u0645\u0639\u062a\u0645\u062f<\/li><\/ul>\t\t\t\t<\/div>\n\t\t\t\t\t<\/div>\n\t\t\t\t<\/div>\n\t\t\t\t<\/div>\n\t\t\t\t<\/div>\n\t\t\t\t\t<\/div>\n\t\t\t\t<\/div>\n\t\t\r\n\t\t<div class=\"default no-position show_shadow rs-sticky-default elementor-element elementor-element-f967332 e-flex e-con-boxed e-con e-parent\" data-id=\"f967332\" data-element_type=\"container\">\n\t\t\t\t\t<div class=\"e-con-inner\">\n\t\t\r\n\t\t\t\t<div class=\"elementor-element elementor-element-ec4baad elementor-arrows-position-inside elementor-widget elementor-widget-image-carousel\" data-id=\"ec4baad\" data-element_type=\"widget\" data-settings=\"{&quot;navigation&quot;:&quot;arrows&quot;,&quot;autoplay&quot;:&quot;yes&quot;,&quot;pause_on_hover&quot;:&quot;yes&quot;,&quot;pause_on_interaction&quot;:&quot;yes&quot;,&quot;autoplay_speed&quot;:5000,&quot;infinite&quot;:&quot;yes&quot;,&quot;speed&quot;:500}\" data-widget_type=\"image-carousel.default\">\n\t\t\t\t<div class=\"elementor-widget-container\">\n\t\t\t\t\t\t\t<div class=\"elementor-image-carousel-wrapper swiper\" role=\"region\" aria-roledescription=\"carousel\" aria-label=\"Image Carousel\" dir=\"ltr\">\n\t\t\t<div class=\"elementor-image-carousel swiper-wrapper\" aria-live=\"off\">\n\t\t\t\t\t\t\t\t<div class=\"swiper-slide\" role=\"group\" aria-roledescription=\"slide\" aria-label=\"1 sur 5\"><figure class=\"swiper-slide-inner\"><img decoding=\"async\" class=\"swiper-slide-image\" src=\"https:\/\/www.smcsteel-tunisia.com\/wp-content\/uploads\/elementor\/thumbs\/WhatsApp-Image-2025-08-01-a-13.49.07_6dd6ae30-r9pxeve1usnaxiquor2ypmc43h873x70es2n1i5v5s.jpg\" alt=\"WhatsApp Image 2025-08-01 \u00e0 13.49.07_6dd6ae30\" \/><\/figure><\/div><div class=\"swiper-slide\" role=\"group\" aria-roledescription=\"slide\" aria-label=\"2 sur 5\"><figure class=\"swiper-slide-inner\"><img decoding=\"async\" class=\"swiper-slide-image\" src=\"https:\/\/www.smcsteel-tunisia.com\/wp-content\/uploads\/elementor\/thumbs\/WhatsApp-Image-2025-08-01-a-13.49.07_36a81a66-r9pxey7kfar5wcmr8aauf3mhvmuar0i7f613hc1on4.jpg\" alt=\"WhatsApp Image 2025-08-01 \u00e0 13.49.07_36a81a66\" \/><\/figure><\/div><div class=\"swiper-slide\" role=\"group\" aria-roledescription=\"slide\" aria-label=\"3 sur 5\"><figure class=\"swiper-slide-inner\"><img decoding=\"async\" class=\"swiper-slide-image\" src=\"https:\/\/www.smcsteel-tunisia.com\/wp-content\/uploads\/elementor\/thumbs\/WhatsApp-Image-2025-08-01-a-13.49.07_80d2da11-r9pxf038sytqjkk0xb43k35f2el16epo3fc2fvywfy.jpg\" alt=\"WhatsApp Image 2025-08-01 \u00e0 13.49.07_80d2da11\" \/><\/figure><\/div><div class=\"swiper-slide\" role=\"group\" aria-roledescription=\"slide\" aria-label=\"4 sur 5\"><figure class=\"swiper-slide-inner\"><img decoding=\"async\" class=\"swiper-slide-image\" src=\"https:\/\/www.smcsteel-tunisia.com\/wp-content\/uploads\/elementor\/thumbs\/WhatsApp-Image-2025-08-06-a-09.34.13_a7e29409-r9utsc49x2l36xsl9ucy9usahjivqt4nppmwn9qxtc.jpg\" alt=\"WhatsApp Image 2025-08-06 \u00e0 09.34.13_a7e29409\" \/><\/figure><\/div><div class=\"swiper-slide\" role=\"group\" aria-roledescription=\"slide\" aria-label=\"5 sur 5\"><figure class=\"swiper-slide-inner\"><img decoding=\"async\" class=\"swiper-slide-image\" src=\"https:\/\/www.smcsteel-tunisia.com\/wp-content\/uploads\/elementor\/thumbs\/cert_mt-r9uwcpp9kx1k7blzurv0bjl46s7i7xuzqxqsk8s264.webp\" alt=\"cert_mt\" \/><\/figure><\/div>\t\t\t<\/div>\n\t\t\t\t\t\t\t\t\t\t\t\t<div class=\"elementor-swiper-button elementor-swiper-button-prev\" role=\"button\" tabindex=\"0\">\n\t\t\t\t\t\t<svg aria-hidden=\"true\" class=\"e-font-icon-svg e-eicon-chevron-left\" viewbox=\"0 0 1000 1000\" xmlns=\"http:\/\/www.w3.org\/2000\/svg\"><path d=\"M646 125C629 125 613 133 604 142L308 442C296 454 292 471 292 487 292 504 296 521 308 533L604 854C617 867 629 875 646 875 663 875 679 871 692 858 704 846 713 829 713 812 713 796 708 779 692 767L438 487 692 225C700 217 708 204 708 187 708 171 704 154 692 142 675 129 663 125 646 125Z\"><\/path><\/svg>\t\t\t\t\t<\/div>\n\t\t\t\t\t<div class=\"elementor-swiper-button elementor-swiper-button-next\" role=\"button\" tabindex=\"0\">\n\t\t\t\t\t\t<svg aria-hidden=\"true\" class=\"e-font-icon-svg e-eicon-chevron-right\" viewbox=\"0 0 1000 1000\" xmlns=\"http:\/\/www.w3.org\/2000\/svg\"><path d=\"M696 533C708 521 713 504 713 487 713 471 708 454 696 446L400 146C388 133 375 125 354 125 338 125 325 129 313 142 300 154 292 171 292 187 292 204 296 221 308 233L563 492 304 771C292 783 288 800 288 817 288 833 296 850 308 863 321 871 338 875 354 875 371 875 388 867 400 854L696 533Z\"><\/path><\/svg>\t\t\t\t\t<\/div>\n\t\t\t\t\n\t\t\t\t\t\t\t\t\t<\/div>\n\t\t\t\t\t\t<\/div>\n\t\t\t\t<\/div>\n\t\t\t\t\t<\/div>\n\t\t\t\t<\/div>\n\t\t\r\n\t\t<div class=\"default no-position show_shadow rs-sticky-default elementor-element elementor-element-092ca26 e-flex e-con-boxed e-con e-parent\" data-id=\"092ca26\" data-element_type=\"container\">\n\t\t\t\t\t<div class=\"e-con-inner\">\n\t\t\r\n\t\t\t\t<div class=\"elementor-element elementor-element-98f036d elementor-widget elementor-widget-spacer\" data-id=\"98f036d\" data-element_type=\"widget\" data-widget_type=\"spacer.default\">\n\t\t\t\t<div class=\"elementor-widget-container\">\n\t\t\t\t\t\t\t<div class=\"elementor-spacer\">\n\t\t\t<div class=\"elementor-spacer-inner\"><\/div>\n\t\t<\/div>\n\t\t\t\t\t\t<\/div>\n\t\t\t\t<\/div>\n\t\t\t\t\t<\/div>\n\t\t\t\t<\/div>\n\t\t\t\t<\/div>","protected":false},"excerpt":{"rendered":"<p>Environnement et S\u00e9curit\u00e9 smc &gt; Blog Environnement et S\u00e9curit\u00e9 Agir pour un environnement sain et un travail s\u00e9curis\u00e9 Le respect des normes de s\u00e9curit\u00e9, de la sant\u00e9 des travailleurs et de l\u2019environnement dans lequel ils op\u00e8rent sont des principes essentiels pour SMC.Afin de garantir un haut niveau, la soci\u00e9t\u00e9 a entrepris une politique environnementale et&#8230;<\/p>","protected":false},"author":1,"featured_media":0,"parent":0,"menu_order":0,"comment_status":"closed","ping_status":"closed","template":"elementor_header_footer","meta":{"footnotes":""},"class_list":["post-29292","page","type-page","status-publish","hentry"],"_links":{"self":[{"href":"https:\/\/www.smcsteel-tunisia.com\/ar\/wp-json\/wp\/v2\/pages\/29292","targetHints":{"allow":["GET"]}}],"collection":[{"href":"https:\/\/www.smcsteel-tunisia.com\/ar\/wp-json\/wp\/v2\/pages"}],"about":[{"href":"https:\/\/www.smcsteel-tunisia.com\/ar\/wp-json\/wp\/v2\/types\/page"}],"author":[{"embeddable":true,"href":"https:\/\/www.smcsteel-tunisia.com\/ar\/wp-json\/wp\/v2\/users\/1"}],"replies":[{"embeddable":true,"href":"https:\/\/www.smcsteel-tunisia.com\/ar\/wp-json\/wp\/v2\/comments?post=29292"}],"version-history":[{"count":47,"href":"https:\/\/www.smcsteel-tunisia.com\/ar\/wp-json\/wp\/v2\/pages\/29292\/revisions"}],"predecessor-version":[{"id":29993,"href":"https:\/\/www.smcsteel-tunisia.com\/ar\/wp-json\/wp\/v2\/pages\/29292\/revisions\/29993"}],"wp:attachment":[{"href":"https:\/\/www.smcsteel-tunisia.com\/ar\/wp-json\/wp\/v2\/media?parent=29292"}],"curies":[{"name":"wp","href":"https:\/\/api.w.org\/{rel}","templated":true}]}}