{"id":29237,"date":"2025-05-21T22:47:08","date_gmt":"2025-05-21T22:47:08","guid":{"rendered":"http:\/\/www.smcsteel-tunisia.com\/?page_id=29237"},"modified":"2025-12-02T11:21:33","modified_gmt":"2025-12-02T11:21:33","slug":"qualite-et-certification","status":"publish","type":"page","link":"https:\/\/www.smcsteel-tunisia.com\/ar\/qualite-et-certification\/","title":{"rendered":"\u0627\u0644\u062c\u0648\u062f\u0629 \u0648\u0627\u0644\u0634\u0647\u0627\u062f\u0627\u062a"},"content":{"rendered":"<div data-elementor-type=\"wp-page\" data-elementor-id=\"29237\" class=\"elementor elementor-29237\">\n\t\t\t\t\r\n\t\t<div class=\"default no-position show_shadow rs-sticky-default elementor-element elementor-element-c101268 e-flex e-con-boxed e-con e-parent\" data-id=\"c101268\" data-element_type=\"container\" data-settings=\"{&quot;background_background&quot;:&quot;classic&quot;}\">\n\t\t\t\t\t<div class=\"e-con-inner\">\n\t\t\r\n\t\t<div class=\"default no-position show_shadow rs-sticky-default elementor-element elementor-element-42fa843 e-flex e-con-boxed e-con e-child\" data-id=\"42fa843\" data-element_type=\"container\">\n\t\t\t\t\t<div class=\"e-con-inner\">\n\t\t\r\n\t\t<div class=\"default no-position show_shadow rs-sticky-default elementor-element elementor-element-eb4fd02 e-con-full e-flex e-con e-child\" data-id=\"eb4fd02\" data-element_type=\"container\">\n\t\t\r\n\t\t\t\t<div class=\"elementor-element elementor-element-68fdc20 elementor-widget elementor-widget-page-title\" data-id=\"68fdc20\" data-element_type=\"widget\" data-widget_type=\"page-title.default\">\n\t\t\t\t<div class=\"elementor-widget-container\">\n\t\t\t\t\t\t\t\n\t\t<div class=\"hfe-page-title hfe-page-title-wrapper elementor-widget-heading\">\n\t\t\t\n\t\t\t<h1 class=\"elementor-heading-title elementor-size\">\n\t\t\t\t\u0645\u0646\u062a\u062c\u0627\u062a \u0645\u0648\u062b\u0648\u0642\u0629 \u0644\u0628\u0646\u0627\u0621 \u0627\u0644\u0645\u0633\u062a\u0642\u0628\u0644\t\t\t \n\t\t\t<\/h1> \n\n\t\t\t\t\t\t\t\t<\/div>\n\t\t\t\t\t\t<\/div>\n\t\t\t\t<\/div>\n\t\t\t\t<\/div>\n\t\t\r\n\t\t<div class=\"default no-position show_shadow rs-sticky-default elementor-element elementor-element-2370894 e-con-full e-flex e-con e-child\" data-id=\"2370894\" data-element_type=\"container\">\n\t\t\t\t<\/div>\n\t\t\t\t\t<\/div>\n\t\t\t\t<\/div>\n\t\t\t\t\t<\/div>\n\t\t\t\t<\/div>\n\t\t\r\n\t\t<div class=\"default no-position show_shadow rs-sticky-default elementor-element elementor-element-f21b8aa e-flex e-con-boxed e-con e-parent\" data-id=\"f21b8aa\" data-element_type=\"container\">\n\t\t\t\t\t<div class=\"e-con-inner\">\n\t\t\r\n\t\t<div class=\"default no-position show_shadow rs-sticky-default elementor-element elementor-element-22ca38d e-con-full e-flex e-con e-child\" data-id=\"22ca38d\" data-element_type=\"container\">\n\t\t\r\n\t\t\t\t<div class=\"elementor-element elementor-element-4a8deb9 elementor-widget__width-initial elementor-widget elementor-widget-rs-heading\" data-id=\"4a8deb9\" data-element_type=\"widget\" data-widget_type=\"rs-heading.default\">\n\t\t\t\t<div class=\"elementor-widget-container\">\n\t\t\t\t\t\n\t\t<div class=\"prelements-heading style1\">\n\t\t\t<div class=\"title-inner\">\n\t\t\t\t<h2 class=\"title rs-split-text-disable\">\u0627\u0644\u0627\u0644\u062a\u0632\u0627\u0645 \u0627\u0644\u062f\u0627\u0626\u0645 \u0628\u0627\u0644\u062a\u0645\u064a\u0632<\/h2>\n\t\t\t<\/div>\n\t\t\t\t\t\t\t<div class=\"description\">\n\t\t\t\t\t<p>\u062a\u062d\u0627\u0641\u0638 \u0634\u0631\u0643\u0629 \u0627\u0644\u0641\u0648\u0644\u0627\u0630 \u0628\u0627\u0644\u0648\u0633\u0637 \u0639\u0644\u0649 \u0645\u0643\u0627\u0646\u0629 \u0645\u062a\u0645\u064a\u0632\u0629 \u0641\u064a \u0627\u0644\u0633\u0648\u0642 \u0627\u0644\u062a\u0648\u0646\u0633\u064a\u0629 \u0628\u0641\u0636\u0644 \u0627\u0644\u062c\u0648\u062f\u0629 \u0627\u0644\u0645\u0633\u062a\u0645\u0631\u0629 \u0644\u0645\u0646\u062a\u062c\u0627\u062a\u0647\u0627.\n\u0648\u064a\u062a\u0631\u062c\u0645 \u0647\u0630\u0627 \u0627\u0644\u0627\u0644\u062a\u0632\u0627\u0645 \u0645\u0646 \u062e\u0644\u0627\u0644 \u0645\u0646\u0647\u062c \u0645\u0632\u062f\u0648\u062c \u0635\u0627\u0631\u0645 \u064a\u0634\u0645\u0644 :\n\u0646\u0638\u0627\u0645 \u0625\u062f\u0627\u0631\u0629 \u0627\u0644\u062c\u0648\u062f \u0629 \uf0b7\n\u062c\u0648\u062f\u0629 \u0627\u0644\u0645\u0646\u062a\u062c \uf0b7\n\u0648\u0630\u0644\u0643 \u0637\u0628\u0642\u064b\u0627 \u0644\u0623\u0634\u062f \u0627\u0644\u0645\u0639\u0627\u064a\u064a\u0631 \u0627\u0644\u0648\u0637\u0646\u064a\u0629 \u0635\u0631\u0627\u0645\u0629<\/p>\t\t\t\t<\/div>\n\t\t\t\t\t<\/div>\n\t\t\t\t<\/div>\n\t\t\t\t<\/div>\n\t\t\t\t<\/div>\n\t\t\t\t\t<\/div>\n\t\t\t\t<\/div>\n\t\t\r\n\t\t<div class=\"default no-position show_shadow rs-sticky-default elementor-element elementor-element-0023124 e-flex e-con-boxed e-con e-parent\" data-id=\"0023124\" data-element_type=\"container\">\n\t\t\t\t\t<div class=\"e-con-inner\">\n\t\t\r\n\t\t<div class=\"default no-position show_shadow rs-sticky-default elementor-element elementor-element-3813db9 e-con-full e-flex e-con e-child\" data-id=\"3813db9\" data-element_type=\"container\">\n\t\t\r\n\t\t\t\t<div class=\"elementor-element elementor-element-7f439ab elementor-widget__width-initial elementor-widget elementor-widget-rs-heading\" data-id=\"7f439ab\" data-element_type=\"widget\" data-widget_type=\"rs-heading.default\">\n\t\t\t\t<div class=\"elementor-widget-container\">\n\t\t\t\t\t\n\t\t<div class=\"prelements-heading style1\">\n\t\t\t<div class=\"title-inner\">\n\t\t\t\t<h2 class=\"title rs-split-text-disable\">\u062c\u0648\u062f\u0629 \u0627\u0644\u0646\u0638\u0627\u0645:<\/h2>\n\t\t\t<\/div>\n\t\t\t\t\t\t\t<div class=\"description\">\n\t\t\t\t\t<p>\u062a\u062a\u0645\u062a\u0639 \u0634\u0631\u0643\u0629 SMC \u0628\u0627\u0644\u062d\u0642 \u0641\u064a \u0627\u0633\u062a\u062e\u062f\u0627\u0645 \u0627\u0644\u0639\u0644\u0627\u0645\u0629 \u0627\u0644\u0648\u0637\u0646\u064a\u0629 \u0644\u0644\u0645\u0637\u0627\u0628\u0642\u0629 \u0645\u0639 \u0627\u0644\u0645\u0639\u0627\u064a\u064a\u0631 \u0627\u0644\u062a\u0648\u0646\u0633\u064a\u0629 \u0627\u0644\u0635\u0627\u062f\u0631\u0629 \u0639\u0646 INNORPI\u060c \u0648\u0641\u0642\u064b\u0627 \u0644\u0645\u0639\u064a\u0627\u0631 \u0634\u0647\u0627\u062f\u0629 \u0627\u0644\u0645\u0637\u0627\u0628\u0642\u0629 M03 Ed 05. \u062a\u0634\u0647\u062f \u0647\u0630\u0647 \u0627\u0644\u0634\u0647\u0627\u062f\u0629 \u0639\u0644\u0649 \u0623\u0646 \u062c\u0645\u064a\u0639 \u0639\u0645\u0644\u064a\u0627\u062a SMC \u0645\u0646\u0638\u0645\u0629 \u0648\u0645\u0631\u0627\u0642\u0628\u0629 \u0648\u0645\u0631\u0627\u0642\u0628\u0629 \u0648\u0641\u0642\u064b\u0627 \u0644\u0646\u0638\u0627\u0645 \u062c\u0648\u062f\u0629 \u0645\u0646\u0638\u0645.<\/p>\t\t\t\t<\/div>\n\t\t\t\t\t<\/div>\n\t\t\t\t<\/div>\n\t\t\t\t<\/div>\n\t\t\t\t<\/div>\n\t\t\t\t\t<\/div>\n\t\t\t\t<\/div>\n\t\t\r\n\t\t<div class=\"default no-position show_shadow rs-sticky-default elementor-element elementor-element-d0170d1 e-flex e-con-boxed e-con e-parent\" data-id=\"d0170d1\" data-element_type=\"container\">\n\t\t\t\t\t<div class=\"e-con-inner\">\n\t\t\r\n\t\t<div class=\"default no-position show_shadow rs-sticky-default elementor-element elementor-element-d6a5e84 e-con-full e-flex e-con e-child\" data-id=\"d6a5e84\" data-element_type=\"container\">\n\t\t\r\n\t\t\t\t<div class=\"elementor-element elementor-element-87241b6 elementor-widget__width-initial elementor-widget elementor-widget-rs-heading\" data-id=\"87241b6\" data-element_type=\"widget\" data-widget_type=\"rs-heading.default\">\n\t\t\t\t<div class=\"elementor-widget-container\">\n\t\t\t\t\t\n\t\t<div class=\"prelements-heading style1\">\n\t\t\t<div class=\"title-inner\">\n\t\t\t\t<h2 class=\"title rs-split-text-disable\">\u062c\u0648\u062f\u0629 \u0627\u0644\u0645\u0646\u062a\u062c:<\/h2>\n\t\t\t<\/div>\n\t\t\t\t\t\t\t<div class=\"description\">\n\t\t\t\t\t<p>\u062a\u0645\u062a\u0644\u0643 \u0634\u0631\u0643\u0629 SMC \u0645\u062e\u062a\u0628\u0631\u064b\u0627 \u062f\u0627\u062e\u0644\u064a\u064b\u0627 \u0645\u062c\u0647\u0632\u064b\u0627 \u062a\u062c\u0647\u064a\u0632\u064b\u0627 \u0639\u0627\u0644\u064a\u064b\u0627\u060c \u0644\u0636\u0645\u0627\u0646 \u0645\u0637\u0627\u0628\u0642\u0629 \u0645\u0646\u062a\u062c\u0627\u062a\u0647\u0627 \u0644\u0623\u0639\u0644\u0649 \u0627\u0644\u0645\u0639\u0627\u064a\u064a\u0631 \u0627\u0644\u0641\u0646\u064a\u0629. \u0648\u064a\u0634\u0645\u0644 \u0627\u0644\u0645\u062e\u062a\u0628\u0631:<br \/>- \u0645\u0637\u064a\u0627\u0641 \u0645\u0627\u0631\u0643\u0629 AMTEK \u0644\u0644\u062a\u062d\u0644\u064a\u0644 \u0627\u0644\u0643\u064a\u0645\u064a\u0627\u0626\u064a \u0627\u0644\u062f\u0642\u064a\u0642 \u0644\u0644\u0645\u0648\u0627\u062f<br \/>- \u0622\u0644\u064a\u062a\u0627\u0646 \u062c\u0631 \u062d\u062f\u064a\u062b\u062a\u0627\u0646 \u0645\u0646 \u0645\u0627\u0631\u0643\u0629 LONOS Test \u0644\u0636\u0645\u0627\u0646 \u0627\u0644\u062a\u062d\u0643\u0645<br \/>- \u0645\u0627\u0643\u064a\u0646\u062a\u064a\u0646 \u0644\u0644\u0637\u064a \u0627\u0644\u0628\u0633\u064a\u0637 \u0648\u0627\u0644\u0637\u064a \u0627\u0644\u0645\u062a\u062a\u0627\u0644\u064a \u0645\u0646 \u0645\u0627\u0631\u0643\u0629 ALBA<br \/>- \u0637\u0627\u0642\u0645 \u0639\u0645\u0644 \u0630\u0648 \u062e\u0628\u0631\u0629 \u0648\u0643\u0641\u0627\u0621\u0629 \u0639\u0627\u0644\u064a\u0629\u060c \u064a\u062a\u0645 \u062a\u062f\u0631\u064a\u0628\u0647 \u0628\u0634\u0643\u0644 \u062f\u0648\u0631\u064a \u0639\u0644\u0649 \u0623\u062d\u062f\u062b \u0627\u0644\u0623\u0633\u0627\u0644\u064a\u0628<br \/>\u0634\u0631\u0643\u0629 SMC \u0647\u064a \u0635\u0627\u062d\u0628\u0629 \u0627\u0633\u062a\u062e\u062f\u0627\u0645 \u0627\u0644\u0639\u0644\u0627\u0645\u0629 \u0627\u0644\u0648\u0637\u0646\u064a\u0629 \u0644\u0644\u0645\u0637\u0627\u0628\u0642\u0629 \u0645\u0639 \u0627\u0644\u0645\u0639\u0627\u064a\u064a\u0631<\/p>\t\t\t\t<\/div>\n\t\t\t\t\t<\/div>\n\t\t\t\t<\/div>\n\t\t\t\t<\/div>\n\t\t\t\t<\/div>\n\t\t\r\n\t\t<div class=\"default no-position show_shadow rs-sticky-default elementor-element elementor-element-9084671 e-con-full e-flex e-con e-child\" data-id=\"9084671\" data-element_type=\"container\" data-settings=\"{&quot;background_background&quot;:&quot;slideshow&quot;,&quot;background_slideshow_gallery&quot;:[{&quot;id&quot;:29667,&quot;url&quot;:&quot;https:\\\/\\\/www.smcsteel-tunisia.com\\\/wp-content\\\/uploads\\\/2025\\\/08\\\/WhatsApp-Image-2025-08-09-a-09.58.49_06ae8cdc.jpg&quot;},{&quot;id&quot;:29668,&quot;url&quot;:&quot;https:\\\/\\\/www.smcsteel-tunisia.com\\\/wp-content\\\/uploads\\\/2025\\\/08\\\/WhatsApp-Image-2025-08-09-a-09.58.49_159abe01.jpg&quot;},{&quot;id&quot;:29449,&quot;url&quot;:&quot;https:\\\/\\\/www.smcsteel-tunisia.com\\\/wp-content\\\/uploads\\\/2025\\\/07\\\/Image3.jpg&quot;}],&quot;background_slideshow_slide_duration&quot;:3500,&quot;background_slideshow_lazyload&quot;:&quot;yes&quot;,&quot;background_slideshow_loop&quot;:&quot;yes&quot;,&quot;background_slideshow_slide_transition&quot;:&quot;fade&quot;,&quot;background_slideshow_transition_duration&quot;:500}\">\n\t\t\t\t<\/div>\n\t\t\t\t\t<\/div>\n\t\t\t\t<\/div>\n\t\t\r\n\t\t<div class=\"default no-position show_shadow rs-sticky-default elementor-element elementor-element-62ed1d6 e-flex e-con-boxed e-con e-parent\" data-id=\"62ed1d6\" data-element_type=\"container\">\n\t\t\t\t\t<div class=\"e-con-inner\">\n\t\t\r\n\t\t\t\t<div class=\"elementor-element elementor-element-f26283b elementor-arrows-position-inside elementor-widget elementor-widget-image-carousel\" data-id=\"f26283b\" data-element_type=\"widget\" data-settings=\"{&quot;navigation&quot;:&quot;arrows&quot;,&quot;autoplay&quot;:&quot;yes&quot;,&quot;pause_on_hover&quot;:&quot;yes&quot;,&quot;pause_on_interaction&quot;:&quot;yes&quot;,&quot;autoplay_speed&quot;:5000,&quot;infinite&quot;:&quot;yes&quot;,&quot;speed&quot;:500}\" data-widget_type=\"image-carousel.default\">\n\t\t\t\t<div class=\"elementor-widget-container\">\n\t\t\t\t\t\t\t<div class=\"elementor-image-carousel-wrapper swiper\" role=\"region\" aria-roledescription=\"carousel\" aria-label=\"Image Carousel\" dir=\"ltr\">\n\t\t\t<div class=\"elementor-image-carousel swiper-wrapper\" aria-live=\"off\">\n\t\t\t\t\t\t\t\t<div class=\"swiper-slide\" role=\"group\" aria-roledescription=\"slide\" aria-label=\"1 sur 5\"><figure class=\"swiper-slide-inner\"><img decoding=\"async\" class=\"swiper-slide-image\" src=\"https:\/\/www.smcsteel-tunisia.com\/wp-content\/uploads\/elementor\/thumbs\/WhatsApp-Image-2025-08-01-a-13.49.07_6dd6ae30-r9pxeve1usnaxiquor2ypmc43h873x70es2n1i5v5s.jpg\" alt=\"WhatsApp Image 2025-08-01 \u00e0 13.49.07_6dd6ae30\" \/><\/figure><\/div><div class=\"swiper-slide\" role=\"group\" aria-roledescription=\"slide\" aria-label=\"2 sur 5\"><figure class=\"swiper-slide-inner\"><img decoding=\"async\" class=\"swiper-slide-image\" src=\"https:\/\/www.smcsteel-tunisia.com\/wp-content\/uploads\/elementor\/thumbs\/WhatsApp-Image-2025-08-01-a-13.49.07_36a81a66-r9pxey7kfar5wcmr8aauf3mhvmuar0i7f613hc1on4.jpg\" alt=\"WhatsApp Image 2025-08-01 \u00e0 13.49.07_36a81a66\" \/><\/figure><\/div><div class=\"swiper-slide\" role=\"group\" aria-roledescription=\"slide\" aria-label=\"3 sur 5\"><figure class=\"swiper-slide-inner\"><img decoding=\"async\" class=\"swiper-slide-image\" src=\"https:\/\/www.smcsteel-tunisia.com\/wp-content\/uploads\/elementor\/thumbs\/WhatsApp-Image-2025-08-01-a-13.49.07_80d2da11-r9pxf038sytqjkk0xb43k35f2el16epo3fc2fvywfy.jpg\" alt=\"WhatsApp Image 2025-08-01 \u00e0 13.49.07_80d2da11\" \/><\/figure><\/div><div class=\"swiper-slide\" role=\"group\" aria-roledescription=\"slide\" aria-label=\"4 sur 5\"><figure class=\"swiper-slide-inner\"><img decoding=\"async\" class=\"swiper-slide-image\" src=\"https:\/\/www.smcsteel-tunisia.com\/wp-content\/uploads\/elementor\/thumbs\/WhatsApp-Image-2025-08-06-a-09.34.13_a7e29409-r9utsc49x2l36xsl9ucy9usahjivqt4nppmwn9qxtc.jpg\" alt=\"WhatsApp Image 2025-08-06 \u00e0 09.34.13_a7e29409\" \/><\/figure><\/div><div class=\"swiper-slide\" role=\"group\" aria-roledescription=\"slide\" aria-label=\"5 sur 5\"><figure class=\"swiper-slide-inner\"><img decoding=\"async\" class=\"swiper-slide-image\" src=\"https:\/\/www.smcsteel-tunisia.com\/wp-content\/uploads\/elementor\/thumbs\/cert_mt-r9uwcpp9kx1k7blzurv0bjl46s7i7xuzqxqsk8s264.webp\" alt=\"cert_mt\" \/><\/figure><\/div>\t\t\t<\/div>\n\t\t\t\t\t\t\t\t\t\t\t\t<div class=\"elementor-swiper-button elementor-swiper-button-prev\" role=\"button\" tabindex=\"0\">\n\t\t\t\t\t\t<svg aria-hidden=\"true\" class=\"e-font-icon-svg e-eicon-chevron-left\" viewbox=\"0 0 1000 1000\" xmlns=\"http:\/\/www.w3.org\/2000\/svg\"><path d=\"M646 125C629 125 613 133 604 142L308 442C296 454 292 471 292 487 292 504 296 521 308 533L604 854C617 867 629 875 646 875 663 875 679 871 692 858 704 846 713 829 713 812 713 796 708 779 692 767L438 487 692 225C700 217 708 204 708 187 708 171 704 154 692 142 675 129 663 125 646 125Z\"><\/path><\/svg>\t\t\t\t\t<\/div>\n\t\t\t\t\t<div class=\"elementor-swiper-button elementor-swiper-button-next\" role=\"button\" tabindex=\"0\">\n\t\t\t\t\t\t<svg aria-hidden=\"true\" class=\"e-font-icon-svg e-eicon-chevron-right\" viewbox=\"0 0 1000 1000\" xmlns=\"http:\/\/www.w3.org\/2000\/svg\"><path d=\"M696 533C708 521 713 504 713 487 713 471 708 454 696 446L400 146C388 133 375 125 354 125 338 125 325 129 313 142 300 154 292 171 292 187 292 204 296 221 308 233L563 492 304 771C292 783 288 800 288 817 288 833 296 850 308 863 321 871 338 875 354 875 371 875 388 867 400 854L696 533Z\"><\/path><\/svg>\t\t\t\t\t<\/div>\n\t\t\t\t\n\t\t\t\t\t\t\t\t\t<\/div>\n\t\t\t\t\t\t<\/div>\n\t\t\t\t<\/div>\n\t\t\t\t\t<\/div>\n\t\t\t\t<\/div>\n\t\t\r\n\t\t<div class=\"default no-position show_shadow rs-sticky-default elementor-element elementor-element-cb8c172 e-flex e-con-boxed e-con e-parent\" data-id=\"cb8c172\" data-element_type=\"container\">\n\t\t\t\t\t<div class=\"e-con-inner\">\n\t\t\r\n\t\t\t\t<div class=\"elementor-element elementor-element-55c1d84 elementor-widget elementor-widget-spacer\" data-id=\"55c1d84\" data-element_type=\"widget\" data-widget_type=\"spacer.default\">\n\t\t\t\t<div class=\"elementor-widget-container\">\n\t\t\t\t\t\t\t<div class=\"elementor-spacer\">\n\t\t\t<div class=\"elementor-spacer-inner\"><\/div>\n\t\t<\/div>\n\t\t\t\t\t\t<\/div>\n\t\t\t\t<\/div>\n\t\t\t\t\t<\/div>\n\t\t\t\t<\/div>\n\t\t\t\t<\/div>","protected":false},"excerpt":{"rendered":"<p>Des produits fiables pour construire\u00a0l&rsquo;avenir Un engagement permanent pour l\u2019excellence SMC occupe une position privil\u00e9gi\u00e9e sur le march\u00e9 tunisien gr\u00e2ce \u00e0 la qualit\u00e9 constante de ses produits. Cet engagement se traduit par une double approche rigoureuse, \u00e0 la fois au niveau du syst\u00e8me qualit\u00e9 et de la qualit\u00e9 produit, selon les standards nationaux les plus&#8230;<\/p>","protected":false},"author":1,"featured_media":0,"parent":0,"menu_order":0,"comment_status":"closed","ping_status":"closed","template":"elementor_header_footer","meta":{"footnotes":""},"class_list":["post-29237","page","type-page","status-publish","hentry"],"_links":{"self":[{"href":"https:\/\/www.smcsteel-tunisia.com\/ar\/wp-json\/wp\/v2\/pages\/29237","targetHints":{"allow":["GET"]}}],"collection":[{"href":"https:\/\/www.smcsteel-tunisia.com\/ar\/wp-json\/wp\/v2\/pages"}],"about":[{"href":"https:\/\/www.smcsteel-tunisia.com\/ar\/wp-json\/wp\/v2\/types\/page"}],"author":[{"embeddable":true,"href":"https:\/\/www.smcsteel-tunisia.com\/ar\/wp-json\/wp\/v2\/users\/1"}],"replies":[{"embeddable":true,"href":"https:\/\/www.smcsteel-tunisia.com\/ar\/wp-json\/wp\/v2\/comments?post=29237"}],"version-history":[{"count":86,"href":"https:\/\/www.smcsteel-tunisia.com\/ar\/wp-json\/wp\/v2\/pages\/29237\/revisions"}],"predecessor-version":[{"id":29986,"href":"https:\/\/www.smcsteel-tunisia.com\/ar\/wp-json\/wp\/v2\/pages\/29237\/revisions\/29986"}],"wp:attachment":[{"href":"https:\/\/www.smcsteel-tunisia.com\/ar\/wp-json\/wp\/v2\/media?parent=29237"}],"curies":[{"name":"wp","href":"https:\/\/api.w.org\/{rel}","templated":true}]}}