{"id":29235,"date":"2025-05-21T22:46:44","date_gmt":"2025-05-21T22:46:44","guid":{"rendered":"http:\/\/www.smcsteel-tunisia.com\/?page_id=29235"},"modified":"2025-08-26T09:54:22","modified_gmt":"2025-08-26T09:54:22","slug":"fil-machine","status":"publish","type":"page","link":"https:\/\/www.smcsteel-tunisia.com\/ar\/fil-machine\/","title":{"rendered":"\u0627\u0644\u0633\u0644\u0643 \u0627\u0644\u0645\u062f\u0648\u0631"},"content":{"rendered":"<div data-elementor-type=\"wp-page\" data-elementor-id=\"29235\" class=\"elementor elementor-29235\">\n\t\t\t\t\r\n\t\t<div class=\"default no-position show_shadow rs-sticky-default elementor-element elementor-element-77deeeb e-flex e-con-boxed e-con e-parent\" data-id=\"77deeeb\" data-element_type=\"container\" data-settings=\"{&quot;background_background&quot;:&quot;classic&quot;}\">\n\t\t\t\t\t<div class=\"e-con-inner\">\n\t\t\r\n\t\t<div class=\"default no-position show_shadow rs-sticky-default elementor-element elementor-element-2a3f731 e-flex e-con-boxed e-con e-child\" data-id=\"2a3f731\" data-element_type=\"container\">\n\t\t\t\t\t<div class=\"e-con-inner\">\n\t\t\r\n\t\t<div class=\"default no-position show_shadow rs-sticky-default elementor-element elementor-element-581cee0 e-con-full e-flex e-con e-child\" data-id=\"581cee0\" data-element_type=\"container\">\n\t\t\r\n\t\t\t\t<div class=\"elementor-element elementor-element-d992a75 elementor-widget elementor-widget-page-title\" data-id=\"d992a75\" data-element_type=\"widget\" data-widget_type=\"page-title.default\">\n\t\t\t\t<div class=\"elementor-widget-container\">\n\t\t\t\t\t\t\t\n\t\t<div class=\"hfe-page-title hfe-page-title-wrapper elementor-widget-heading\">\n\t\t\t\n\t\t\t<h1 class=\"elementor-heading-title elementor-size\">\n\t\t\t\t\u0627\u0644\u0633\u0644\u0643 \u0627\u0644\u0645\u062f\u0648\u0631\t\t\t \n\t\t\t<\/h1> \n\n\t\t\t\t\t\t\t\t<\/div>\n\t\t\t\t\t\t<\/div>\n\t\t\t\t<\/div>\n\t\t\r\n\t\t\t\t<div class=\"elementor-element elementor-element-927a682 elementor-widget elementor-widget-rs-breadcrumb\" data-id=\"927a682\" data-element_type=\"widget\" data-widget_type=\"rs-breadcrumb.default\">\n\t\t\t\t<div class=\"elementor-widget-container\">\n\t\t\t\t\t                    <div class=\"breadcrumb-area style3\"> \n                <div class=\"breadcrumbs-inner\"> \n                    <span property=\"itemListElement\" typeof=\"ListItem\"><a property=\"item\" typeof=\"WebPage\" title=\"Go to smc.\" href=\"https:\/\/www.smcsteel-tunisia.com\/ar\" class=\"home\" ><span property=\"name\">\u0634\u0631\u0643\u0629 \u0627\u0644\u0641\u0648\u0644\u0627\u0630 \u0628\u0627\u0644\u0648\u0633\u0637<\/span><\/a><meta property=\"position\" content=\"1\"><\/span> &gt; <span property=\"itemListElement\" typeof=\"ListItem\"><a property=\"item\" typeof=\"WebPage\" title=\"Go to Blog.\" href=\"https:\/\/www.smcsteel-tunisia.com\/ar\/blog\/\" class=\"post-root post post-post\" aria-current=\"page\"><span property=\"name\">\u0645\u062f\u0648\u0646\u0629<\/span><\/a><meta property=\"position\" content=\"2\"><\/span>                <\/div>\n            <\/div> \n          \n    \t\t\t\t<\/div>\n\t\t\t\t<\/div>\n\t\t\t\t<\/div>\n\t\t\r\n\t\t<div class=\"default no-position show_shadow rs-sticky-default elementor-element elementor-element-f1a36d7 e-con-full e-flex e-con e-child\" data-id=\"f1a36d7\" data-element_type=\"container\">\n\t\t\t\t<\/div>\n\t\t\t\t\t<\/div>\n\t\t\t\t<\/div>\n\t\t\t\t\t<\/div>\n\t\t\t\t<\/div>\n\t\t\r\n\t\t<div class=\"default no-position show_shadow rs-sticky-default elementor-element elementor-element-e84a136 e-flex e-con-boxed e-con e-parent\" data-id=\"e84a136\" data-element_type=\"container\">\n\t\t\t\t\t<div class=\"e-con-inner\">\n\t\t\r\n\t\t\t\t<div class=\"elementor-element elementor-element-11a3345 elementor-widget__width-initial elementor-widget elementor-widget-rs-heading\" data-id=\"11a3345\" data-element_type=\"widget\" data-widget_type=\"rs-heading.default\">\n\t\t\t\t<div class=\"elementor-widget-container\">\n\t\t\t\t\t\n\t\t<div class=\"prelements-heading default\">\n\t\t\t<div class=\"title-inner\">\n\t\t\t\t\t\t\t\t\t<span class=\"sub-text\">\n\t\t\t\t\t\t\t\t\t\t\t\t\u0627\u0644\u0633\u0644\u0643 \u0627\u0644\u0645\u062f\u0648\u0631\t\t\t\t\t<\/span>\n\t\t\t\t<h2 class=\"title rs-split-text-disable\">\u0627\u0644\u0639\u0645\u0644\u064a\u0629<\/h2>\n\t\t\t<\/div>\n\t\t\t\t\t\t\t<div class=\"description\">\n\t\t\t\t\t<p>\u0645\u062c\u0647\u0632\u0629 \u0628\u0623\u062d\u062f\u062b \u062c\u064a\u0644 \u0645\u0646 \u062e\u0637 \u0644\u0641 DANIELI (\u0627\u0644\u0634\u0631\u0643\u0629 \u0627\u0644\u0631\u0627\u0626\u062f\u0629 \u0641\u064a \u0645\u062c\u0627\u0644 \u0627\u0644\u0645\u0639\u062f\u0627\u062a<\/p>\t\t\t\t<\/div>\n\t\t\t\t\t<\/div>\n\t\t\t\t<\/div>\n\t\t\t\t<\/div>\n\t\t\t\t\t<\/div>\n\t\t\t\t<\/div>\n\t\t\r\n\t\t<div class=\"default no-position show_shadow rs-sticky-default elementor-element elementor-element-e86426a e-flex e-con-boxed e-con e-parent\" data-id=\"e86426a\" data-element_type=\"container\">\n\t\t\t\t\t<div class=\"e-con-inner\">\n\t\t\r\n\t\t\t\t<div class=\"elementor-element elementor-element-7599c66 elementor-widget__width-initial elementor-widget elementor-widget-rs-heading\" data-id=\"7599c66\" data-element_type=\"widget\" data-widget_type=\"rs-heading.default\">\n\t\t\t\t<div class=\"elementor-widget-container\">\n\t\t\t\t\t\n\t\t<div class=\"prelements-heading default\">\n\t\t\t<div class=\"title-inner\">\n\t\t\t\t<h2 class=\"title rs-split-text-disable\">\u0646\u0637\u0627\u0642 \u0648\u0627\u0633\u0639<\/h2>\n\t\t\t<\/div>\n\t\t\t\t\t\t\t<div class=\"description\">\n\t\t\t\t\t<p>\u062a\u0642\u062f\u0645 \u0634\u0631\u0643\u0629 SMC \u062f\u0631\u062c\u0627\u062a \u0645\u062e\u062a\u0644\u0641\u0629 \u0645\u0646 \u0642\u0636\u0628\u0627\u0646 \u0627\u0644\u0623\u0633\u0644\u0627\u0643 \u0627\u0644\u0641\u0648\u0644\u0627\u0630\u064a\u0629 \u0630\u0627\u062a \u0627\u0644\u0645\u0642\u0637\u0639 \u0627\u0644\u062f\u0627\u0626\u0631\u064a \u0628\u062c\u0648\u062f\u0629 \u063a\u064a\u0631 \u0642\u064a\u0627\u0633\u064a\u0629<\/p>\t\t\t\t<\/div>\n\t\t\t\t\t<\/div>\n\t\t\t\t<\/div>\n\t\t\t\t<\/div>\n\t\t\r\n\t\t\t\t<div class=\"elementor-element elementor-element-b7d7366 elementor-widget elementor-widget-image\" data-id=\"b7d7366\" data-element_type=\"widget\" data-widget_type=\"image.default\">\n\t\t\t\t<div class=\"elementor-widget-container\">\n\t\t\t\t\t\t\t\t\t\t\t\t\t\t\t\t<a href=\"https:\/\/www.smcsteel-tunisia.com\/wp-content\/uploads\/2025\/08\/Capture-decran-2025-08-05-150219.png\" data-elementor-open-lightbox=\"yes\" data-elementor-lightbox-title=\"Capture d\u2019\u00e9cran 2025-08-05 150219\" data-e-action-hash=\"#elementor-action%3Aaction%3Dlightbox%26settings%3DeyJpZCI6Mjk1NTksInVybCI6Imh0dHBzOlwvXC93d3cuc21jc3RlZWwtdHVuaXNpYS5jb21cL3dwLWNvbnRlbnRcL3VwbG9hZHNcLzIwMjVcLzA4XC9DYXB0dXJlLWRlY3Jhbi0yMDI1LTA4LTA1LTE1MDIxOS5wbmcifQ%3D%3D\">\n\t\t\t\t\t\t\t<img fetchpriority=\"high\" decoding=\"async\" width=\"1084\" height=\"129\" src=\"https:\/\/www.smcsteel-tunisia.com\/wp-content\/uploads\/2025\/08\/Capture-decran-2025-08-05-150219.png\" class=\"attachment-full size-full wp-image-29559\" alt=\"\" srcset=\"https:\/\/www.smcsteel-tunisia.com\/wp-content\/uploads\/2025\/08\/Capture-decran-2025-08-05-150219.png 1084w, https:\/\/www.smcsteel-tunisia.com\/wp-content\/uploads\/2025\/08\/Capture-decran-2025-08-05-150219-300x36.png 300w, https:\/\/www.smcsteel-tunisia.com\/wp-content\/uploads\/2025\/08\/Capture-decran-2025-08-05-150219-1024x122.png 1024w, https:\/\/www.smcsteel-tunisia.com\/wp-content\/uploads\/2025\/08\/Capture-decran-2025-08-05-150219-768x91.png 768w, https:\/\/www.smcsteel-tunisia.com\/wp-content\/uploads\/2025\/08\/Capture-decran-2025-08-05-150219-18x2.png 18w\" sizes=\"(max-width: 1084px) 100vw, 1084px\" \/>\t\t\t\t\t\t\t\t<\/a>\n\t\t\t\t\t\t\t\t\t\t\t\t\t\t\t<\/div>\n\t\t\t\t<\/div>\n\t\t\t\t\t<\/div>\n\t\t\t\t<\/div>\n\t\t\r\n\t\t<div class=\"default no-position show_shadow rs-sticky-default elementor-element elementor-element-426b8af e-flex e-con-boxed e-con e-parent\" data-id=\"426b8af\" data-element_type=\"container\">\n\t\t\t\t\t<div class=\"e-con-inner\">\n\t\t\r\n\t\t\t\t<div class=\"elementor-element elementor-element-61324f3 elementor-widget__width-initial elementor-widget elementor-widget-rs-heading\" data-id=\"61324f3\" data-element_type=\"widget\" data-widget_type=\"rs-heading.default\">\n\t\t\t\t<div class=\"elementor-widget-container\">\n\t\t\t\t\t\n\t\t<div class=\"prelements-heading default\">\n\t\t\t<div class=\"title-inner\">\n\t\t\t\t<h2 class=\"title rs-split-text-disable\">\u0627\u0644\u062e\u0635\u0627\u0626\u0635 \u0627\u0644\u0643\u064a\u0645\u064a\u0627\u0626\u064a\u0629<\/h2>\n\t\t\t<\/div>\n\t\t\t\t\t<\/div>\n\t\t\t\t<\/div>\n\t\t\t\t<\/div>\n\t\t\r\n\t\t\t\t<div class=\"elementor-element elementor-element-5f7b08f elementor-widget elementor-widget-image\" data-id=\"5f7b08f\" data-element_type=\"widget\" data-widget_type=\"image.default\">\n\t\t\t\t<div class=\"elementor-widget-container\">\n\t\t\t\t\t\t\t\t\t\t\t\t\t\t\t\t<a href=\"https:\/\/www.smcsteel-tunisia.com\/wp-content\/uploads\/2025\/08\/Capture-decran-2025-08-09-154536.png\" data-elementor-open-lightbox=\"yes\" data-elementor-lightbox-title=\"Capture d\u2019\u00e9cran 2025-08-09 154536\" data-e-action-hash=\"#elementor-action%3Aaction%3Dlightbox%26settings%3DeyJpZCI6Mjk2NzksInVybCI6Imh0dHBzOlwvXC93d3cuc21jc3RlZWwtdHVuaXNpYS5jb21cL3dwLWNvbnRlbnRcL3VwbG9hZHNcLzIwMjVcLzA4XC9DYXB0dXJlLWRlY3Jhbi0yMDI1LTA4LTA5LTE1NDUzNi5wbmcifQ%3D%3D\">\n\t\t\t\t\t\t\t<img decoding=\"async\" width=\"880\" height=\"219\" src=\"https:\/\/www.smcsteel-tunisia.com\/wp-content\/uploads\/2025\/08\/Capture-decran-2025-08-09-154536.png\" class=\"attachment-full size-full wp-image-29679\" alt=\"\" srcset=\"https:\/\/www.smcsteel-tunisia.com\/wp-content\/uploads\/2025\/08\/Capture-decran-2025-08-09-154536.png 880w, https:\/\/www.smcsteel-tunisia.com\/wp-content\/uploads\/2025\/08\/Capture-decran-2025-08-09-154536-300x75.png 300w, https:\/\/www.smcsteel-tunisia.com\/wp-content\/uploads\/2025\/08\/Capture-decran-2025-08-09-154536-768x191.png 768w, https:\/\/www.smcsteel-tunisia.com\/wp-content\/uploads\/2025\/08\/Capture-decran-2025-08-09-154536-18x4.png 18w\" sizes=\"(max-width: 880px) 100vw, 880px\" \/>\t\t\t\t\t\t\t\t<\/a>\n\t\t\t\t\t\t\t\t\t\t\t\t\t\t\t<\/div>\n\t\t\t\t<\/div>\n\t\t\t\t\t<\/div>\n\t\t\t\t<\/div>\n\t\t\r\n\t\t<div class=\"default no-position show_shadow rs-sticky-default elementor-element elementor-element-7467bcf e-flex e-con-boxed e-con e-parent\" data-id=\"7467bcf\" data-element_type=\"container\">\n\t\t\t\t\t<div class=\"e-con-inner\">\n\t\t\r\n\t\t<div class=\"default no-position show_shadow rs-sticky-default elementor-element elementor-element-19f2833 e-con-full e-flex e-con e-child\" data-id=\"19f2833\" data-element_type=\"container\" data-settings=\"{&quot;background_background&quot;:&quot;slideshow&quot;,&quot;background_slideshow_gallery&quot;:[{&quot;id&quot;:29542,&quot;url&quot;:&quot;https:\\\/\\\/www.smcsteel-tunisia.com\\\/wp-content\\\/uploads\\\/2025\\\/08\\\/WhatsApp-Image-2025-08-05-a-12.32.54_ba5476d0.jpg&quot;},{&quot;id&quot;:29543,&quot;url&quot;:&quot;https:\\\/\\\/www.smcsteel-tunisia.com\\\/wp-content\\\/uploads\\\/2025\\\/08\\\/WhatsApp-Image-2025-08-05-a-12.32.54_c7bc2c9b.jpg&quot;},{&quot;id&quot;:29544,&quot;url&quot;:&quot;https:\\\/\\\/www.smcsteel-tunisia.com\\\/wp-content\\\/uploads\\\/2025\\\/08\\\/WhatsApp-Image-2025-08-05-a-12.32.54_0faa2a0a.jpg&quot;}],&quot;background_slideshow_slide_duration&quot;:4000,&quot;background_slideshow_lazyload&quot;:&quot;yes&quot;,&quot;background_slideshow_ken_burns&quot;:&quot;yes&quot;,&quot;background_slideshow_loop&quot;:&quot;yes&quot;,&quot;background_slideshow_slide_transition&quot;:&quot;fade&quot;,&quot;background_slideshow_transition_duration&quot;:500,&quot;background_slideshow_ken_burns_zoom_direction&quot;:&quot;in&quot;}\">\n\t\t\t\t<\/div>\n\t\t\r\n\t\t<div class=\"default no-position show_shadow rs-sticky-default elementor-element elementor-element-a970698 e-con-full e-flex e-con e-child\" data-id=\"a970698\" data-element_type=\"container\">\n\t\t\r\n\t\t\t\t<div class=\"elementor-element elementor-element-247a0b2 elementor-widget__width-initial elementor-widget elementor-widget-rs-heading\" data-id=\"247a0b2\" data-element_type=\"widget\" data-widget_type=\"rs-heading.default\">\n\t\t\t\t<div class=\"elementor-widget-container\">\n\t\t\t\t\t\n\t\t<div class=\"prelements-heading style1\">\n\t\t\t<div class=\"title-inner\">\n\t\t\t\t<h2 class=\"title rs-split-text-disable\">\u0627\u0633\u062a\u062e\u062f\u0627\u0645 \u0645\u062a\u0639\u062f\u062f<\/h2>\n\t\t\t<\/div>\n\t\t\t\t\t\t\t<div class=\"description\">\n\t\t\t\t\t<p>\u064a\u062a\u0645 \u0627\u0633\u062a\u062e\u062f\u0627\u0645 \u0642\u0636\u0628\u0627\u0646 \u0627\u0644\u0623\u0633\u0644\u0627\u0643 \u0643\u0645\u0648\u0627\u062f \u062e\u0627\u0645 \u0641\u064a \u0635\u0646\u0627\u0639\u0629 \u062a\u0635\u0646\u064a\u0639 \u0627\u0644\u0634\u0628\u0643\u0627\u062a \u0627\u0644\u0645\u0644\u062d\u0648\u0645\u0629 \u0648\u0627\u0644\u062a\u0639\u0632\u064a\u0632\u0627\u062a \u0627\u0644\u0645\u062c\u0645\u0639\u0629 \u0645\u0633\u0628\u0642\u064b\u0627 \u0648\u0627\u0644\u0645\u062e\u0635\u0635\u0629 \u0644\u0633\u062d\u0628 \u0627\u0644\u0623\u0633\u0644\u0627\u0643 \u0648\/\u0623\u0648 \u0627\u0644\u062f\u0631\u0641\u0644\u0629 \u0627\u0644\u0628\u0627\u0631\u062f\u0629.<br \/>\u0645\u062c\u0645\u0648\u0639\u0629 \u0645\u062a\u0646\u0648\u0639\u0629 \u0645\u0646 \u0627\u0644\u0639\u0646\u0627\u0635\u0631 \u0627\u0644\u0645\u0639\u062f\u0646\u064a\u0629 \u0627\u0644\u0639\u0627\u0645\u0629 \u0645\u062b\u0644 \u0627\u0644\u0645\u0633\u0627\u0645\u064a\u0631\u060c \u0648\u0627\u0644\u0628\u0631\u0627\u063a\u064a\u060c \u0648\u0627\u0644\u0623\u0633\u0644\u0627\u0643 \u0627\u0644\u0645\u062c\u0644\u0641\u0646\u0629\u060c \u0648\u0627\u0644\u0623\u0633\u0644\u0627\u0643 \u0627\u0644\u0634\u0627\u0626\u0643\u0629\u060c \u0648\u0627\u0644\u0623\u0634\u0648\u0627\u0643 \u0627\u0644\u0634\u0627\u0626\u0643\u0629\u060c \u0648\u0623\u0633\u0644\u0627\u0643 \u0627\u0644\u0633\u064a\u0627\u062c.<\/p>\t\t\t\t<\/div>\n\t\t\t\t\t<\/div>\n\t\t\t\t<\/div>\n\t\t\t\t<\/div>\n\t\t\t\t<\/div>\n\t\t\t\t\t<\/div>\n\t\t\t\t<\/div>\n\t\t\r\n\t\t<div class=\"default no-position show_shadow rs-sticky-default elementor-element elementor-element-c6a32ac e-flex e-con-boxed e-con e-parent\" data-id=\"c6a32ac\" data-element_type=\"container\">\n\t\t\t\t\t<div class=\"e-con-inner\">\n\t\t\r\n\t\t\t\t<div class=\"elementor-element elementor-element-c62b24c elementor-arrows-position-inside elementor-widget elementor-widget-image-carousel\" data-id=\"c62b24c\" data-element_type=\"widget\" data-settings=\"{&quot;navigation&quot;:&quot;arrows&quot;,&quot;autoplay&quot;:&quot;yes&quot;,&quot;pause_on_hover&quot;:&quot;yes&quot;,&quot;pause_on_interaction&quot;:&quot;yes&quot;,&quot;autoplay_speed&quot;:5000,&quot;infinite&quot;:&quot;yes&quot;,&quot;speed&quot;:500}\" data-widget_type=\"image-carousel.default\">\n\t\t\t\t<div class=\"elementor-widget-container\">\n\t\t\t\t\t\t\t<div class=\"elementor-image-carousel-wrapper swiper\" role=\"region\" aria-roledescription=\"carousel\" aria-label=\"Image Carousel\" dir=\"ltr\">\n\t\t\t<div class=\"elementor-image-carousel swiper-wrapper\" aria-live=\"off\">\n\t\t\t\t\t\t\t\t<div class=\"swiper-slide\" role=\"group\" aria-roledescription=\"slide\" aria-label=\"1 sur 5\"><figure class=\"swiper-slide-inner\"><img decoding=\"async\" class=\"swiper-slide-image\" src=\"https:\/\/www.smcsteel-tunisia.com\/wp-content\/uploads\/elementor\/thumbs\/WhatsApp-Image-2025-08-01-a-13.49.07_6dd6ae30-r9pxeve1usnaxiquor2ypmc43h873x70es2n1i5v5s.jpg\" alt=\"WhatsApp Image 2025-08-01 \u00e0 13.49.07_6dd6ae30\" \/><\/figure><\/div><div class=\"swiper-slide\" role=\"group\" aria-roledescription=\"slide\" aria-label=\"2 sur 5\"><figure class=\"swiper-slide-inner\"><img decoding=\"async\" class=\"swiper-slide-image\" src=\"https:\/\/www.smcsteel-tunisia.com\/wp-content\/uploads\/elementor\/thumbs\/WhatsApp-Image-2025-08-01-a-13.49.07_36a81a66-r9pxey7kfar5wcmr8aauf3mhvmuar0i7f613hc1on4.jpg\" alt=\"WhatsApp Image 2025-08-01 \u00e0 13.49.07_36a81a66\" \/><\/figure><\/div><div class=\"swiper-slide\" role=\"group\" aria-roledescription=\"slide\" aria-label=\"3 sur 5\"><figure class=\"swiper-slide-inner\"><img decoding=\"async\" class=\"swiper-slide-image\" src=\"https:\/\/www.smcsteel-tunisia.com\/wp-content\/uploads\/elementor\/thumbs\/WhatsApp-Image-2025-08-01-a-13.49.07_80d2da11-r9pxf038sytqjkk0xb43k35f2el16epo3fc2fvywfy.jpg\" alt=\"WhatsApp Image 2025-08-01 \u00e0 13.49.07_80d2da11\" \/><\/figure><\/div><div class=\"swiper-slide\" role=\"group\" aria-roledescription=\"slide\" aria-label=\"4 sur 5\"><figure class=\"swiper-slide-inner\"><img decoding=\"async\" class=\"swiper-slide-image\" src=\"https:\/\/www.smcsteel-tunisia.com\/wp-content\/uploads\/elementor\/thumbs\/WhatsApp-Image-2025-08-06-a-09.34.13_a7e29409-r9utsc49x2l36xsl9ucy9usahjivqt4nppmwn9qxtc.jpg\" alt=\"WhatsApp Image 2025-08-06 \u00e0 09.34.13_a7e29409\" \/><\/figure><\/div><div class=\"swiper-slide\" role=\"group\" aria-roledescription=\"slide\" aria-label=\"5 sur 5\"><figure class=\"swiper-slide-inner\"><img decoding=\"async\" class=\"swiper-slide-image\" src=\"https:\/\/www.smcsteel-tunisia.com\/wp-content\/uploads\/elementor\/thumbs\/cert_mt-r9uwcpp9kx1k7blzurv0bjl46s7i7xuzqxqsk8s264.webp\" alt=\"cert_mt\" \/><\/figure><\/div>\t\t\t<\/div>\n\t\t\t\t\t\t\t\t\t\t\t\t<div class=\"elementor-swiper-button elementor-swiper-button-prev\" role=\"button\" tabindex=\"0\">\n\t\t\t\t\t\t<svg aria-hidden=\"true\" class=\"e-font-icon-svg e-eicon-chevron-left\" viewbox=\"0 0 1000 1000\" xmlns=\"http:\/\/www.w3.org\/2000\/svg\"><path d=\"M646 125C629 125 613 133 604 142L308 442C296 454 292 471 292 487 292 504 296 521 308 533L604 854C617 867 629 875 646 875 663 875 679 871 692 858 704 846 713 829 713 812 713 796 708 779 692 767L438 487 692 225C700 217 708 204 708 187 708 171 704 154 692 142 675 129 663 125 646 125Z\"><\/path><\/svg>\t\t\t\t\t<\/div>\n\t\t\t\t\t<div class=\"elementor-swiper-button elementor-swiper-button-next\" role=\"button\" tabindex=\"0\">\n\t\t\t\t\t\t<svg aria-hidden=\"true\" class=\"e-font-icon-svg e-eicon-chevron-right\" viewbox=\"0 0 1000 1000\" xmlns=\"http:\/\/www.w3.org\/2000\/svg\"><path d=\"M696 533C708 521 713 504 713 487 713 471 708 454 696 446L400 146C388 133 375 125 354 125 338 125 325 129 313 142 300 154 292 171 292 187 292 204 296 221 308 233L563 492 304 771C292 783 288 800 288 817 288 833 296 850 308 863 321 871 338 875 354 875 371 875 388 867 400 854L696 533Z\"><\/path><\/svg>\t\t\t\t\t<\/div>\n\t\t\t\t\n\t\t\t\t\t\t\t\t\t<\/div>\n\t\t\t\t\t\t<\/div>\n\t\t\t\t<\/div>\n\t\t\t\t\t<\/div>\n\t\t\t\t<\/div>\n\t\t\r\n\t\t<div class=\"default no-position show_shadow rs-sticky-default elementor-element elementor-element-d5e1939 e-flex e-con-boxed e-con e-parent\" data-id=\"d5e1939\" data-element_type=\"container\">\n\t\t\t\t\t<div class=\"e-con-inner\">\n\t\t\r\n\t\t\t\t<div class=\"elementor-element elementor-element-252d505 elementor-widget elementor-widget-spacer\" data-id=\"252d505\" data-element_type=\"widget\" data-widget_type=\"spacer.default\">\n\t\t\t\t<div class=\"elementor-widget-container\">\n\t\t\t\t\t\t\t<div class=\"elementor-spacer\">\n\t\t\t<div class=\"elementor-spacer-inner\"><\/div>\n\t\t<\/div>\n\t\t\t\t\t\t<\/div>\n\t\t\t\t<\/div>\n\t\t\t\t\t<\/div>\n\t\t\t\t<\/div>\n\t\t\t\t<\/div>","protected":false},"excerpt":{"rendered":"<p>Fil Machine smc &gt; Blog Fil Machine Process Dot\u00e9 d\u2019une ligne bobineuse DANIELI de derni\u00e8re g\u00e9n\u00e9ration (Leader des \u00e9quipements dans ce domaine), SMC produit de fil machine rond en acier non alli\u00e9 Large Gamme SMC propose diff\u00e9rents grades de fils machine de section ronde en acier de qualit\u00e9 non alli\u00e9 tels que : Caract\u00e9ristiques Chimiques&#8230;<\/p>","protected":false},"author":1,"featured_media":0,"parent":0,"menu_order":0,"comment_status":"closed","ping_status":"closed","template":"elementor_header_footer","meta":{"footnotes":""},"class_list":["post-29235","page","type-page","status-publish","hentry"],"_links":{"self":[{"href":"https:\/\/www.smcsteel-tunisia.com\/ar\/wp-json\/wp\/v2\/pages\/29235","targetHints":{"allow":["GET"]}}],"collection":[{"href":"https:\/\/www.smcsteel-tunisia.com\/ar\/wp-json\/wp\/v2\/pages"}],"about":[{"href":"https:\/\/www.smcsteel-tunisia.com\/ar\/wp-json\/wp\/v2\/types\/page"}],"author":[{"embeddable":true,"href":"https:\/\/www.smcsteel-tunisia.com\/ar\/wp-json\/wp\/v2\/users\/1"}],"replies":[{"embeddable":true,"href":"https:\/\/www.smcsteel-tunisia.com\/ar\/wp-json\/wp\/v2\/comments?post=29235"}],"version-history":[{"count":47,"href":"https:\/\/www.smcsteel-tunisia.com\/ar\/wp-json\/wp\/v2\/pages\/29235\/revisions"}],"predecessor-version":[{"id":29929,"href":"https:\/\/www.smcsteel-tunisia.com\/ar\/wp-json\/wp\/v2\/pages\/29235\/revisions\/29929"}],"wp:attachment":[{"href":"https:\/\/www.smcsteel-tunisia.com\/ar\/wp-json\/wp\/v2\/media?parent=29235"}],"curies":[{"name":"wp","href":"https:\/\/api.w.org\/{rel}","templated":true}]}}